{"id":14,"date":"2025-06-05T09:01:46","date_gmt":"2025-06-05T09:01:46","guid":{"rendered":"http:\/\/baraboi-winehouse.com\/?page_id=14"},"modified":"2025-06-05T09:06:23","modified_gmt":"2025-06-05T09:06:23","slug":"conditii-de-livrare-si-plata","status":"publish","type":"page","link":"http:\/\/baraboi-winehouse.com\/de\/conditii-de-livrare-si-plata\/","title":{"rendered":"Liefer- und Zahlungsbedingungen"},"content":{"rendered":"<div data-elementor-type=\"wp-page\" data-elementor-id=\"14\" class=\"elementor elementor-14\" data-elementor-post-type=\"page\">\n\t\t\t\t<div class=\"wd-negative-gap elementor-element elementor-element-612a2e89 e-flex e-con-boxed e-con e-parent\" data-id=\"612a2e89\" data-element_type=\"container\">\n\t\t\t\t\t<div class=\"e-con-inner\">\n\t\t\t\t<div class=\"elementor-element elementor-element-5aa7ece7 color-scheme-inherit text-left elementor-widget elementor-widget-text-editor\" data-id=\"5aa7ece7\" data-element_type=\"widget\" data-widget_type=\"text-editor.default\">\n\t\t\t\t<div class=\"elementor-widget-container\">\n\t\t\t\t\t\t\t\t\t<h3><b>Lieferbedingungen<\/b><\/h3><p class=\" translation-block\">Wir versenden alle Bestellungen mit DHL, mit t\u00e4glichem Versand von Montag bis Freitag\/Samstag. Die Lieferung erfolgt in der Regel innerhalb von 1\u20134 Werktagen nach Zahlungseingang.<\/p><h3><b>Versandkosten innerhalb Deutschlands<\/b><\/h3><p class=\" translation-block\">Wir berechnen eine Versandkostenpauschale von 6,95 \u20ac pro Lieferung bei einem Bruttorechnungswert von bis zu 98,99 \u20ac (nur f\u00fcr das deutsche Festland).\nAb einem Bruttorechnungswert von 99,00 \u20ac (beliebig sortiert, jedoch in einer Lieferung) erfolgt die Lieferung versandkostenfrei innerhalb der Bundesrepublik Deutschland.<\/p><h3><b>Lieferung an DHL Packstation<\/b><\/h3><p class=\" translation-block\">Sendungen an eine DHL-Packstation sind nur bis zu einer Maximalgr\u00f6\u00dfe von 60 x 35 x 35 cm m\u00f6glich. Daher k\u00f6nnen an Packstationen maximal 6 Flaschen geliefert werden.<\/p><h3><b>Wichtig:<\/b><\/h3><p><b>Eine Abholung vor Ort ist nicht m\u00f6glich. Bestellungen erfolgen ausschlie\u00dflich online.<\/b><\/p><h3><b>Zahlungsbedingungen<\/b><\/h3><p><span style=\"font-weight: 400;\">Ihr Kreditkarten- oder PayPal-Konto wird bei Abschluss der Bestellung belastet.\n Folgende Zahlungsmethoden stehen derzeit zur Verf\u00fcgung:<\/span><\/p><ul><li style=\"font-weight: 400;\" aria-level=\"1\"><span style=\"font-weight: 400;\">Vorkasse<\/span><span style=\"font-weight: 400;\"><br \/><br \/><\/span><\/li><li style=\"font-weight: 400;\" aria-level=\"1\"><span style=\"font-weight: 400;\">PayPal<\/span><span style=\"font-weight: 400;\"><br \/><br \/><\/span><\/li><li style=\"font-weight: 400;\" aria-level=\"1\"><span style=\"font-weight: 400;\">Kreditkarte (Mastercard, Visa, American Express)<\/span><span style=\"font-weight: 400;\"><br \/><br \/><\/span><\/li><li style=\"font-weight: 400;\" aria-level=\"1\"><span style=\"font-weight: 400;\">Amazon Payments<\/span><span style=\"font-weight: 400;\"><br \/><br \/><\/span><\/li><li style=\"font-weight: 400;\" aria-level=\"1\"><span style=\"font-weight: 400;\">Debitkarte<\/span><span style=\"font-weight: 400;\"><br \/><br \/><\/span><\/li><\/ul><h3><b>Bankverbindung<\/b><\/h3><p><b>Gerex GmbH<\/b><b><br \/><\/b><span style=\"font-weight: 400;\">Kurf\u00fcrstendamm 194, 10707 Berlin<\/span><span style=\"font-weight: 400;\"><br \/><\/span><span style=\"font-weight: 400;\">info@gerex-gmbh.de<\/span><span style=\"font-weight: 400;\"><br \/><\/span><span style=\"font-weight: 400;\">Amtsgericht Berlin Charlottenburg \u2013 HRB 236510 B<\/span><span style=\"font-weight: 400;\"><br \/><\/span><span style=\"font-weight: 400;\">Steuer-Nr.: 27\/305\/50150<\/span><span style=\"font-weight: 400;\"><br \/><\/span><span style=\"font-weight: 400;\">GF: Daniela Caraiman<\/span><\/p><p><b>Bankverbindung<\/b><b><br \/><\/b><span style=\"font-weight: 400;\">Berliner Volksbank<\/span><span style=\"font-weight: 400;\"><br \/><\/span><span style=\"font-weight: 400;\">IBAN: <\/span><b>DE27 1009 0000 2891 1120 01<\/b><b><br \/><\/b><span style=\"font-weight: 400;\">BIC: <\/span><b>BEVODEBBXXX<\/b><\/p><p>\u00a0<\/p><h3><b>Internationale Lieferungen<\/b><\/h3><p><b>Wir liefern ausschlie\u00dflich innerhalb Deutschlands. Internationale Lieferungen sind ausgeschlossen.<\/b><\/p>\t\t\t\t\t\t\t\t<\/div>\n\t\t\t\t<\/div>\n\t\t\t\t\t<\/div>\n\t\t\t\t<\/div>\n\t\t\t\t<\/div>","protected":false},"excerpt":{"rendered":"<p>Livrare Expediem toate comenzile prin DHL, cu livrare de luni p\u00e2n\u0103 vineri\/s\u00e2mb\u0103t\u0103. Expedierea se face zilnic, iar comanda va fi<\/p>","protected":false},"author":1,"featured_media":0,"parent":0,"menu_order":0,"comment_status":"closed","ping_status":"closed","template":"","meta":{"footnotes":""},"class_list":["post-14","page","type-page","status-publish","hentry"],"_links":{"self":[{"href":"http:\/\/baraboi-winehouse.com\/de\/wp-json\/wp\/v2\/pages\/14","targetHints":{"allow":["GET"]}}],"collection":[{"href":"http:\/\/baraboi-winehouse.com\/de\/wp-json\/wp\/v2\/pages"}],"about":[{"href":"http:\/\/baraboi-winehouse.com\/de\/wp-json\/wp\/v2\/types\/page"}],"author":[{"embeddable":true,"href":"http:\/\/baraboi-winehouse.com\/de\/wp-json\/wp\/v2\/users\/1"}],"replies":[{"embeddable":true,"href":"http:\/\/baraboi-winehouse.com\/de\/wp-json\/wp\/v2\/comments?post=14"}],"version-history":[{"count":0,"href":"http:\/\/baraboi-winehouse.com\/de\/wp-json\/wp\/v2\/pages\/14\/revisions"}],"wp:attachment":[{"href":"http:\/\/baraboi-winehouse.com\/de\/wp-json\/wp\/v2\/media?parent=14"}],"curies":[{"name":"wp","href":"https:\/\/api.w.org\/{rel}","templated":true}]}}