{"id":2137,"date":"2025-06-05T09:14:23","date_gmt":"2025-06-05T09:14:23","guid":{"rendered":"https:\/\/baraboi-winehouse.com\/?page_id=2137"},"modified":"2025-06-05T09:58:50","modified_gmt":"2025-06-05T09:58:50","slug":"termeni-si-conditii","status":"publish","type":"page","link":"http:\/\/baraboi-winehouse.com\/de\/termeni-si-conditii\/","title":{"rendered":"AGB"},"content":{"rendered":"<div data-elementor-type=\"wp-page\" data-elementor-id=\"2137\" class=\"elementor elementor-2137\" data-elementor-post-type=\"page\">\n\t\t\t\t<div class=\"wd-negative-gap elementor-element elementor-element-612a2e89 e-flex e-con-boxed e-con e-parent\" data-id=\"612a2e89\" data-element_type=\"container\">\n\t\t\t\t\t<div class=\"e-con-inner\">\n\t\t\t\t<div class=\"elementor-element elementor-element-5aa7ece7 color-scheme-inherit text-left elementor-widget elementor-widget-text-editor\" data-id=\"5aa7ece7\" data-element_type=\"widget\" data-widget_type=\"text-editor.default\">\n\t\t\t\t<div class=\"elementor-widget-container\">\n\t\t\t\t\t\t\t\t\t<h2><b>1. Geltungsbereich<\/b><\/h2><p><span style=\"font-weight: 400;\">F\u00fcr alle Bestellungen \u00fcber unseren Online-Shop durch Verbraucher und Unternehmer gelten die nachfolgenden AGB.<\/span><\/p><p><span style=\"font-weight: 400;\">Verbraucher ist jede nat\u00fcrliche Person, die ein Rechtsgesch\u00e4ft zu Zwecken abschlie\u00dft, die \u00fcberwiegend weder ihrer gewerblichen noch ihrer selbst\u00e4ndigen beruflichen T\u00e4tigkeit zugerechnet werden k\u00f6nnen. Unternehmer ist eine nat\u00fcrliche oder juristische Person oder eine rechtsf\u00e4hige Personengesellschaft, die bei Abschluss eines Rechtsgesch\u00e4fts in Aus\u00fcbung ihrer gewerblichen oder selbst\u00e4ndigen beruflichen T\u00e4tigkeit handelt.<\/span><\/p><p><span style=\"font-weight: 400;\">Gegen\u00fcber Unternehmern gelten diese AGB auch f\u00fcr k\u00fcnftige Gesch\u00e4ftsbeziehungen, ohne dass wir nochmals auf sie hinweisen m\u00fcssten. Verwendet der Unternehmer entgegenstehende oder erg\u00e4nzende Allgemeine Gesch\u00e4ftsbedingungen, wird deren Geltung hiermit widersprochen; sie werden nur dann Vertragsbestandteil, wenn wir dem ausdr\u00fccklich zugestimmt haben.<\/span><\/p><h2><b>2. Vertragspartner, Vertragsschluss<\/b><\/h2><p><span style=\"font-weight: 400;\">Der Kaufvertrag kommt zustande mit Gerex GmbH, Kurf\u00fcrstendamm 194, 10707 Berlin, Deutschland.<\/span><\/p><p><span style=\"font-weight: 400;\">Mit Einstellung der Produkte in den Online-Shop geben wir ein verbindliches Angebot zum Vertragsschluss \u00fcber diese Artikel ab. Sie k\u00f6nnen unsere Produkte zun\u00e4chst unverbindlich in den Warenkorb legen und Ihre Eingaben vor Absenden Ihrer verbindlichen Bestellung jederzeit korrigieren, indem Sie die hierf\u00fcr im Bestellablauf vorgesehenen und erl\u00e4uterten Korrekturhilfen nutzen. Der Vertrag kommt zustande, indem Sie durch Anklicken des Bestellbuttons das Angebot \u00fcber die im Warenkorb enthaltenen Waren annehmen. Unmittelbar nach dem Absenden der Bestellung erhalten Sie noch einmal eine Best\u00e4tigung per E-Mail.<\/span><\/p><h2><b>3. Vertragssprache, Vertragstextspeicherung<\/b><\/h2><p><span style=\"font-weight: 400;\">Die f\u00fcr den Vertragsschluss zur Verf\u00fcgung stehende Sprache ist Deutsch.<\/span><\/p><p><span style=\"font-weight: 400;\">Wir speichern den Vertragstext und senden Ihnen die Bestelldaten und unsere AGB per E-Mail zu. Den Vertragstext k\u00f6nnen Sie in unserem Kunden-Login einsehen.<\/span><\/p><h2><b>4. Lieferbedingungen<\/b><\/h2><p><span style=\"font-weight: 400;\">Zuz\u00fcglich zu den angegebenen Produktpreisen kommen noch Versandkosten hinzu. N\u00e4heres zur H\u00f6he der Versandkosten erfahren Sie bei den Angeboten.<\/span><\/p><p><span style=\"font-weight: 400;\">Die Abholung vor Ort ist nicht m\u00f6glich. Der Versand erfolgt ausschlie\u00dflich online \u00fcber DHL. Ab einem Bestellwert von 99 EUR erfolgt die Lieferung versandkostenfrei.<\/span><\/p><h2><b>5. Bezahlung<\/b><\/h2><p><span style=\"font-weight: 400;\">In unserem Shop stehen Ihnen grunds\u00e4tzlich die folgenden Zahlungsarten zur Verf\u00fcgung:<\/span><\/p><ul><li><strong><span style=\"color: #000000;\">Vorkasse<\/span><\/strong><\/li><\/ul><p><span style=\"font-weight: 400;\">Bei Auswahl der Zahlungsart Vorkasse nennen wir Ihnen unsere Bankverbindung in separater E-Mail und liefern die Ware nach Zahlungseingang.<\/span><\/p><ul><li aria-level=\"1\"><span style=\"color: #000000;\"><b>Kreditkarte<\/b><\/span><\/li><\/ul><p><span style=\"font-weight: 400;\">Mit Abgabe der Bestellung \u00fcbermitteln Sie uns gleichzeitig Ihre Kreditkartendaten. Nach Ihrer Legitimation als rechtm\u00e4\u00dfiger Karteninhaber fordern wir unmittelbar nach der Bestellung Ihr Kreditkartenunternehmen zur Einleitung der Zahlungstransaktion auf. Die Zahlungstransaktion wird durch das Kreditkartenunternehmen automatisch durchgef\u00fchrt und Ihre Karte belastet.<\/span><\/p><ul><li aria-level=\"1\"><span style=\"color: #000000;\"><b>PayPal Expr<\/b><b>ess<\/b><\/span><\/li><\/ul><p><span style=\"font-weight: 400;\">Im Bestellprozess werden Sie auf die Webseite des Online-Anbieters PayPal weitergeleitet. Um den Rechnungsbetrag \u00fcber PayPal bezahlen zu k\u00f6nnen, m\u00fcssen Sie dort registriert sein bzw. sich erst registrieren, mit Ihren Zugangsdaten legitimieren und die Zahlungsanweisung an uns best\u00e4tigen. Nach Abgabe der Bestellung im Shop fordern wir PayPal zur Einleitung der Zahlungstransaktion auf.<\/span><\/p><ul><li aria-level=\"1\"><span style=\"color: #000000;\"><b>PayPal Plus<\/b><\/span><\/li><\/ul><p><span style=\"font-weight: 400;\">Im Rahmen des Zahlungsdienstes PayPal Plus bieten wir Ihnen verschiedene Zahlungsmethoden als PayPal Services an. Sie werden auf die Webseite des Online-Anbieters PayPal weitergeleitet. Dort k\u00f6nnen Sie Ihre Zahlungsdaten angeben, die Verwendung Ihrer Daten durch PayPal und die Zahlungsanweisung an PayPal best\u00e4tigen. Wenn Sie die Zahlungsart PayPal gew\u00e4hlt haben, m\u00fcssen Sie, um den Rechnungsbetrag bezahlen zu k\u00f6nnen, dort registriert sein bzw. sich erst registrieren und mit Ihren Zugangsdaten legitimieren. Die Zahlungstransaktion wird von PayPal unmittelbar nach Best\u00e4tigung der Zahlungsanweisung automatisch durchgef\u00fchrt. Weitere Hinweise erhalten Sie beim Bestellvorgang.<\/span><\/p><p><span style=\"font-weight: 400;\">Wenn Sie die Zahlungsart Lastschrift gew\u00e4hlt haben, m\u00fcssen Sie, um den Rechnungsbetrag bezahlen zu k\u00f6nnen, bei PayPal nicht registriert sein. Mit Best\u00e4tigung der Zahlungsanweisung erteilen Sie PayPal ein Lastschriftmandat. \u00dcber das Datum der Kontobelastung werden Sie von PayPal informiert (sog. Prenotification). Unter Einreichung des Lastschriftmandats unmittelbar nach Best\u00e4tigung der Zahlungsanweisung fordert PayPal seine Bank zur Einleitung der Zahlungstransaktion auf. Die Zahlungstransaktion wird durchgef\u00fchrt und Ihr Konto belastet. Weitere Hinweise erhalten Sie beim Bestellvorgang.<\/span><\/p><p><span style=\"font-weight: 400;\">Wenn Sie die Zahlungsart Rechnung gew\u00e4hlt haben, m\u00fcssen Sie, um den Rechnungsbetrag bezahlen zu k\u00f6nnen, bei PayPal nicht registriert sein. Nach erfolgreicher Adress- und Bonit\u00e4tspr\u00fcfung und Abgabe der Bestellung treten wir unsere Forderung an PayPal ab. Sie k\u00f6nnen in diesem Fall nur an PayPal mit schuldbefreiender Wirkung leisten. F\u00fcr die Zahlungsabwicklung \u00fcber PayPal gelten \u2013 erg\u00e4nzend zu unseren AGB \u2013 die AGB und die Datenschutzerkl\u00e4rung von PayPal. Weitere Informationen und die vollst\u00e4ndigen AGB von PayPal zum Rechnungskauf finden Sie hier: <\/span><a href=\"https:\/\/www.paypal.com\/de\/webapps\/mpp\/ua\/pui-terms?locale.x=de_DE\"><span style=\"font-weight: 400;\">https:\/\/www.paypal.com\/de\/webapps\/mpp\/ua\/pui-terms?locale.x=de_DE<\/span><\/a><span style=\"font-weight: 400;\"> .\u00a0<\/span><\/p><ul><li aria-level=\"1\"><span style=\"color: #000000;\"><b>Sofort<\/b><\/span><\/li><\/ul><p><span style=\"font-weight: 400;\">Nach Abgabe der Bestellung werden Sie auf die Webseite des Online-Anbieters Sofort GmbH weitergeleitet. Um den Rechnungsbetrag \u00fcber Sofort bezahlen zu k\u00f6nnen, m\u00fcssen Sie \u00fcber ein f\u00fcr die Teilnahme an Sofort freigeschaltetes Online-Banking-Konto mit PIN\/TAN-Verfahren verf\u00fcgen, sich entsprechend legitimieren und die Zahlungsanweisung an uns best\u00e4tigen. Weitere Hinweise erhalten Sie beim Bestellvorgang. Die Zahlungstransaktion wird unmittelbar danach von Sofort durchgef\u00fchrt und Ihr Konto belastet.<\/span><\/p><ul><li aria-level=\"1\"><span style=\"color: #000000;\"><b>Amazon Pay<\/b><\/span><\/li><\/ul><p><span style=\"font-weight: 400;\">Im Bestellprozess werden Sie auf die Webseite des Online-Anbieters Amazon noch vor Abschluss des Bestellvorganges in unserem Online-Shop weitergeleitet. Um \u00fcber Amazon den Bestellprozess abwickeln und den Rechnungsbetrag bezahlen zu k\u00f6nnen, m\u00fcssen Sie dort registriert sein bzw. sich erst registrieren und mit Ihren Zugangsdaten legitimieren. Dort k\u00f6nnen Sie die bei Amazon gespeicherte Lieferadresse und Zahlungsmethode w\u00e4hlen, die Verwendung Ihrer Daten durch Amazon und die Zahlungsanweisung an uns best\u00e4tigen. Anschlie\u00dfend werden Sie zu unserem Online-Shop zur\u00fcckgeleitet, wo Sie den Bestellvorgang abschlie\u00dfen k\u00f6nnen.<\/span><\/p><p><span style=\"font-weight: 400;\">Unmittelbar nach der Bestellung fordern wir Amazon zur Einleitung der Zahlungstransaktion auf. Die Zahlungstransaktion wird durch Amazon automatisch durchgef\u00fchrt. Weitere Hinweise erhalten Sie beim Bestellvorgang.<\/span><\/p><ul><li aria-level=\"1\"><span style=\"color: #000000;\"><b>Barzahlung bei Abholung<\/b><\/span><\/li><\/ul><p><span style=\"font-weight: 400;\">Sie zahlen den Rechnungsbetrag bei der Abholung bar.<\/span><\/p><h2><span style=\"color: #000000;\"><b>6. Eigentumsvorbehalt<\/b><\/span><\/h2><p><span style=\"font-weight: 400;\">Die Ware bleibt bis zur vollst\u00e4ndigen Bezahlung unser Eigentum. F\u00fcr Unternehmer gilt erg\u00e4nzend: Wir behalten uns das Eigentum an der Ware bis zur vollst\u00e4ndigen Begleichung aller Forderungen aus einer laufenden Gesch\u00e4ftsbeziehung vor. Sie d\u00fcrfen die Vorbehaltsware im ordentlichen Gesch\u00e4ftsbetrieb weiterver\u00e4u\u00dfern; s\u00e4mtliche aus diesem Weiterverkauf entstehenden Forderungen treten Sie \u2013 unabh\u00e4ngig von einer Verbindung oder Vermischung der Vorbehaltsware mit einer neuen Sache \u2013 in H\u00f6he des Rechnungsbetrages an uns im Voraus ab, und wir nehmen diese Abtretung an. Sie bleiben zur Einziehung der Forderungen erm\u00e4chtigt, wir d\u00fcrfen Forderungen jedoch auch selbst einziehen, soweit Sie Ihren Zahlungsverpflichtungen nicht nachkommen.<\/span><\/p><h2><b>7. Transportsch\u00e4den<\/b><\/h2><p><span style=\"color: #000000;\"><b>F\u00fcr Verbraucher gilt:<\/b><\/span><\/p><p><span style=\"font-weight: 400;\">Werden Waren mit offensichtlichen Transportsch\u00e4den angeliefert, so reklamieren Sie solche Fehler bitte m\u00f6glichst sofort beim Zusteller und nehmen Sie bitte unverz\u00fcglich Kontakt zu uns auf. Die Vers\u00e4umung einer Reklamation oder Kontaktaufnahme hat f\u00fcr Ihre gesetzlichen Anspr\u00fcche und deren Durchsetzung, insbesondere Ihre Gew\u00e4hrleistungsrechte, keinerlei Konsequenzen. Sie helfen uns aber, unsere eigenen Anspr\u00fcche gegen\u00fcber dem Frachtf\u00fchrer bzw. der Transportversicherung geltend machen zu k\u00f6nnen.<\/span><\/p><p><span style=\"color: #000000;\"><b>F\u00fcr Unternehmer gilt:<\/b><\/span><\/p><p><span style=\"font-weight: 400;\">Die Gefahr des zuf\u00e4lligen Untergangs und der zuf\u00e4lligen Verschlechterung geht auf Sie \u00fcber, sobald wir die Sache dem Spediteur, dem Frachtf\u00fchrer oder der sonst zur Ausf\u00fchrung der Versendung bestimmten Person oder Anstalt ausgeliefert haben. Unter Kaufleuten gilt die in \u00a7 377 HGB geregelte Untersuchungs- und R\u00fcgepflicht. Unterlassen Sie die dort geregelte Anzeige, so gilt die Ware als genehmigt, es sei denn, dass es sich um einen Mangel handelt, der bei der Untersuchung nicht erkennbar war. Dies gilt nicht, falls wir einen Mangel arglistig verschwiegen haben.<\/span><\/p><h2><b>8. Gew\u00e4hrleistung und Garantien<\/b><\/h2><p><span style=\"font-weight: 400;\">Soweit nicht nachstehend ausdr\u00fccklich anders vereinbart, gilt das gesetzliche M\u00e4ngelhaftungsrecht. F\u00fcr Verbraucher betr\u00e4gt die Verj\u00e4hrungsfrist f\u00fcr M\u00e4ngelanspr\u00fcche bei gebrauchten Sachen ein Jahr ab Ablieferung der Ware.<\/span><\/p><p><span style=\"font-weight: 400;\">F\u00fcr Unternehmer betr\u00e4gt die Verj\u00e4hrungsfrist f\u00fcr M\u00e4ngelanspr\u00fcche ein Jahr ab Gefahr\u00fcbergang; die gesetzlichen Verj\u00e4hrungsfristen f\u00fcr den R\u00fcckgriffsanspruch nach \u00a7 478 BGB bleiben unber\u00fchrt.<\/span><\/p><p><span style=\"font-weight: 400;\">Gegen\u00fcber Unternehmern gelten als Vereinbarung \u00fcber die Beschaffenheit der Ware nur unsere eigenen Angaben und die Produktbeschreibungen des Herstellers, die in den Vertrag einbezogen wurden; f\u00fcr \u00f6ffentliche \u00c4u\u00dferungen des Herstellers oder sonstige Werbeaussagen \u00fcbernehmen wir keine Haftung.<\/span><\/p><p><span style=\"font-weight: 400;\">Ist die gelieferte Sache mangelhaft, leisten wir gegen\u00fcber Unternehmern zun\u00e4chst nach unserer Wahl Gew\u00e4hr durch Beseitigung des Mangels (Nachbesserung) oder durch Lieferung einer mangelfreien Sache (Ersatzlieferung).<\/span><\/p><p><span style=\"font-weight: 400;\">Die vorstehenden Einschr\u00e4nkungen und Fristverk\u00fcrzungen gelten nicht f\u00fcr Anspr\u00fcche aufgrund von Sch\u00e4den, die durch uns, unsere gesetzlichen Vertreter oder Erf\u00fcllungsgehilfen verursacht wurden<\/span><\/p><ul><li style=\"font-weight: 400;\" aria-level=\"1\"><span style=\"font-weight: 400;\">bei Verletzung des Lebens, des K\u00f6rpers oder der Gesundheit<\/span><\/li><li style=\"font-weight: 400;\" aria-level=\"1\"><span style=\"font-weight: 400;\">bei vors\u00e4tzlicher oder grob fahrl\u00e4ssiger Pflichtverletzung sowie Arglist<\/span><\/li><li style=\"font-weight: 400;\" aria-level=\"1\"><span style=\"font-weight: 400;\">bei Verletzung wesentlicher Vertragspflichten, deren Erf\u00fcllung die ordnungsgem\u00e4\u00dfe Durchf\u00fchrung des Vertrages \u00fcberhaupt erst erm\u00f6glicht und auf deren Einhaltung der Vertragspartner regelm\u00e4\u00dfig vertrauen darf (Kardinalpflichten)<\/span><\/li><li style=\"font-weight: 400;\" aria-level=\"1\"><span style=\"font-weight: 400;\">im Rahmen eines Garantieversprechens, soweit vereinbart<\/span><\/li><li style=\"font-weight: 400;\" aria-level=\"1\"><span style=\"font-weight: 400;\">soweit der Anwendungsbereich des Produkthaftungsgesetzes er\u00f6ffnet ist.<\/span><\/li><\/ul><p><span style=\"font-weight: 400;\">Informationen zu gegebenenfalls geltenden zus\u00e4tzlichen Garantien und deren genaue Bedingungen finden Sie jeweils beim Produkt und auf besonderen Informationsseiten im Onlineshop.<\/span><\/p><h2><b>9. Haftung<\/b><\/h2><p><span style=\"font-weight: 400;\">F\u00fcr Anspr\u00fcche aufgrund von Sch\u00e4den, die durch uns, unsere gesetzlichen Vertreter oder Erf\u00fcllungsgehilfen verursacht wurden, haften wir stets unbeschr\u00e4nkt<\/span><\/p><ul><li style=\"font-weight: 400;\" aria-level=\"1\"><span style=\"font-weight: 400;\">bei Verletzung des Lebens, des K\u00f6rpers oder der Gesundheit,<\/span><\/li><li style=\"font-weight: 400;\" aria-level=\"1\"><span style=\"font-weight: 400;\">bei vors\u00e4tzlicher oder grob fahrl\u00e4ssiger Pflichtverletzung,<\/span><\/li><li style=\"font-weight: 400;\" aria-level=\"1\"><span style=\"font-weight: 400;\">bei Garantieversprechen, soweit vereinbart, oder<\/span><\/li><li style=\"font-weight: 400;\" aria-level=\"1\"><span style=\"font-weight: 400;\">soweit der Anwendungsbereich des Produkthaftungsgesetzes er\u00f6ffnet ist.<\/span><\/li><\/ul><p><span style=\"font-weight: 400;\">Bei Verletzung wesentlicher Vertragspflichten, deren Erf\u00fcllung die ordnungsgem\u00e4\u00dfe Durchf\u00fchrung des Vertrages \u00fcberhaupt erst erm\u00f6glicht und auf deren Einhaltung der Vertragspartner regelm\u00e4\u00dfig vertrauen darf, (Kardinalpflichten) durch leichte Fahrl\u00e4ssigkeit von uns, unseren gesetzlichen Vertretern oder Erf\u00fcllungsgehilfen ist die Haftung der H\u00f6he nach auf den bei Vertragsschluss vorhersehbaren Schaden begrenzt, mit dessen Entstehung typischerweise gerechnet werden muss. Im \u00dcbrigen sind Anspr\u00fcche auf Schadensersatz ausgeschlossen.<\/span><\/p><h2><b>10. Streitbeilegung<\/b><\/h2><p class=\" translation-block\">Die Europ\u00e4ische Kommission stellt eine Plattform zur Online-Streitbeilegung (OS) bereit, die Sie hier finden https:\/\/ec.europa.eu\/consumers\/odr\/ .\nWir sind bereit, an einem au\u00dfergerichtlichen Schlichtungsverfahren vor einer Verbraucherschlichtungsstelle teilzunehmen.\nZust\u00e4ndig ist die Allgemeine Verbraucherschlichtungsstelle des Zentrums f\u00fcr Schlichtung e.V., Stra\u00dfburger Stra\u00dfe 8, 77694 Kehl am Rhein, www.verbraucher-schlichter.de .<\/p><h2><b>11. Jugendschutz<\/b><\/h2><p><span style=\"font-weight: 400;\">Sofern Ihre Bestellung Waren umfasst, deren Verkauf Altersbeschr\u00e4nkungen unterliegt, stellen wir durch den Einsatz eines zuverl\u00e4ssigen Verfahrens unter Einbeziehung einer pers\u00f6nlichen Identit\u00e4ts- und Alterspr\u00fcfung sicher, dass der Besteller das erforderliche Mindestalter erreicht hat. Der Zusteller \u00fcbergibt die Ware erst nach erfolgter Alterspr\u00fcfung und nur an den Besteller pers\u00f6nlich.<\/span><\/p><h2><b>12. Schlussbestimmungen<\/b><\/h2><p><span style=\"font-weight: 400;\">Sind Sie Unternehmer, dann gilt deutsches Recht unter Ausschluss des UN-Kaufrechts.<\/span><\/p><p><span style=\"font-weight: 400;\">Sind Sie Kaufmann im Sinne des Handelsgesetzbuches, juristische Person des \u00f6ffentlichen Rechts oder \u00f6ffentlich-rechtliches Sonderverm\u00f6gen, ist ausschlie\u00dflicher Gerichtsstand f\u00fcr alle Streitigkeiten aus Vertragsverh\u00e4ltnissen zwischen uns und Ihnen unser Gesch\u00e4ftssitz.<\/span><\/p><p><span style=\"font-weight: 400;\">Gerex GmbH Kurf\u00fcrstendamm 194 10707 Berlin info@gerex-gmbh.de<\/span><\/p><p><span style=\"font-weight: 400;\">Amtsgericht: Berlin Charlottenburg HRB 236510 B Steuer-Nr.: 27\/305\/50150 GF: Daniela Caraiman<\/span><\/p><p><span style=\"font-weight: 400;\">Bank: Berliner Volksbank IBAN: DE27 1009 0000 2891 1120 01 BIC: BEVODEBBXXX<\/span><\/p><p><span style=\"font-weight: 400;\">Status: 03.06.2025<\/span><\/p>\t\t\t\t\t\t\t\t<\/div>\n\t\t\t\t<\/div>\n\t\t\t\t\t<\/div>\n\t\t\t\t<\/div>\n\t\t\t\t<\/div>","protected":false},"excerpt":{"rendered":"<p>1. Domeniu de aplicare Urm\u0103torii termeni \u0219i condi\u021bii se aplic\u0103 tuturor comenzilor plasate prin intermediul magazinului nostru online de c\u0103tre<\/p>","protected":false},"author":1,"featured_media":0,"parent":0,"menu_order":0,"comment_status":"closed","ping_status":"closed","template":"","meta":{"footnotes":""},"class_list":["post-2137","page","type-page","status-publish","hentry"],"_links":{"self":[{"href":"http:\/\/baraboi-winehouse.com\/de\/wp-json\/wp\/v2\/pages\/2137","targetHints":{"allow":["GET"]}}],"collection":[{"href":"http:\/\/baraboi-winehouse.com\/de\/wp-json\/wp\/v2\/pages"}],"about":[{"href":"http:\/\/baraboi-winehouse.com\/de\/wp-json\/wp\/v2\/types\/page"}],"author":[{"embeddable":true,"href":"http:\/\/baraboi-winehouse.com\/de\/wp-json\/wp\/v2\/users\/1"}],"replies":[{"embeddable":true,"href":"http:\/\/baraboi-winehouse.com\/de\/wp-json\/wp\/v2\/comments?post=2137"}],"version-history":[{"count":0,"href":"http:\/\/baraboi-winehouse.com\/de\/wp-json\/wp\/v2\/pages\/2137\/revisions"}],"wp:attachment":[{"href":"http:\/\/baraboi-winehouse.com\/de\/wp-json\/wp\/v2\/media?parent=2137"}],"curies":[{"name":"wp","href":"https:\/\/api.w.org\/{rel}","templated":true}]}}