{"id":895,"date":"2025-01-22T11:33:47","date_gmt":"2025-01-22T11:33:47","guid":{"rendered":"http:\/\/baraboi-winehouse.com\/?page_id=895"},"modified":"2025-06-16T06:18:29","modified_gmt":"2025-06-16T06:18:29","slug":"despre-noi","status":"publish","type":"page","link":"http:\/\/baraboi-winehouse.com\/de\/despre-noi\/","title":{"rendered":"\u00dcber uns"},"content":{"rendered":"<div data-elementor-type=\"wp-page\" data-elementor-id=\"895\" class=\"elementor elementor-895\" data-elementor-post-type=\"page\">\n\t\t\t\t<div class=\"wd-negative-gap elementor-element elementor-element-30c2157 wd-section-stretch color-scheme-light e-flex e-con-boxed e-con e-parent\" data-id=\"30c2157\" data-element_type=\"container\" data-settings=\"{&quot;background_background&quot;:&quot;classic&quot;}\">\n\t\t\t\t\t<div class=\"e-con-inner\">\n\t\t\t\t<div class=\"elementor-element elementor-element-d725d64 wd-width-100 elementor-widget elementor-widget-wd_title\" data-id=\"d725d64\" data-element_type=\"widget\" data-widget_type=\"wd_title.default\">\n\t\t\t\t<div class=\"elementor-widget-container\">\n\t\t\t\t\t\t\t<div class=\"title-wrapper wd-set-mb reset-last-child wd-title-color-default wd-title-style-default wd-title-size-default text-left\">\n\n\t\t\t\n\t\t\t<div class=\"liner-continer\">\n\t\t\t\t<h4 class=\"woodmart-title-container title wd-fontsize-l\">\u00dcber uns<\/h4> \n\t\t\t\t\t\t\t<\/div>\n\n\t\t\t\t\t<\/div>\n\t\t\t\t\t\t<\/div>\n\t\t\t\t<\/div>\n\t\t<div class=\"elementor-element elementor-element-6dba0c1 e-con-full e-flex e-con e-child\" data-id=\"6dba0c1\" data-element_type=\"container\">\n\t\t<div class=\"elementor-element elementor-element-4b982ff e-con-full e-flex e-con e-child\" data-id=\"4b982ff\" data-element_type=\"container\" data-settings=\"{&quot;background_background&quot;:&quot;classic&quot;}\">\n\t\t\t\t<\/div>\n\t\t\t\t<\/div>\n\t\t<div class=\"elementor-element elementor-element-252a80a e-con-full e-flex e-con e-child\" data-id=\"252a80a\" data-element_type=\"container\">\n\t\t<div class=\"elementor-element elementor-element-d144dbf e-con-full e-flex e-con e-child\" data-id=\"d144dbf\" data-element_type=\"container\">\n\t\t\t\t<div class=\"elementor-element elementor-element-61f5c18 wd-width-100 elementor-widget elementor-widget-wd_title\" data-id=\"61f5c18\" data-element_type=\"widget\" data-widget_type=\"wd_title.default\">\n\t\t\t\t<div class=\"elementor-widget-container\">\n\t\t\t\t\t\t\t<div class=\"title-wrapper wd-set-mb reset-last-child wd-title-color-default wd-title-style-default wd-title-size-default text-left\">\n\n\t\t\t\n\t\t\t<div class=\"liner-continer\">\n\t\t\t\t<h4 class=\"woodmart-title-container title wd-fontsize-l\">Aus Liebe und Heimweh<br \/>\n<\/h4> \n\t\t\t\t\t\t\t<\/div>\n\n\t\t\t\t\t\t\t<div class=\"title-after_title reset-last-child wd-fontsize-xs\">\n\t\t\t\t\t<p>Jedes abgeschlossene Projekt ist ein Projekt der Seele, das f\u00fcr die Moldauer bestimmt ist, die zumindest f\u00fcr einen Moment nach Hause zur\u00fcckkehren wollen, f\u00fcr gute Laune und noch besseres Essen, f\u00fcr Musik in Do(r)-Akkorden und f\u00fcr den aromatischen Wein<\/p>\t\t\t\t<\/div>\n\t\t\t\t\t<\/div>\n\t\t\t\t\t\t<\/div>\n\t\t\t\t<\/div>\n\t\t\t\t<\/div>\n\t\t\t\t<\/div>\n\t\t\t\t\t<\/div>\n\t\t\t\t<\/div>\n\t\t<div class=\"wd-negative-gap elementor-element elementor-element-0ddcd31 e-flex e-con-boxed e-con e-parent\" data-id=\"0ddcd31\" data-element_type=\"container\">\n\t\t\t\t\t<div class=\"e-con-inner\">\n\t\t\t\t<div class=\"elementor-element elementor-element-189b70b elementor-widget__width-inherit color-scheme-inherit text-left elementor-widget elementor-widget-text-editor\" data-id=\"189b70b\" data-element_type=\"widget\" data-widget_type=\"text-editor.default\">\n\t\t\t\t<div class=\"elementor-widget-container\">\n\t\t\t\t\t\t\t\t\t<p>Das Wichtigste f\u00fcr uns ist es, die Geschichte Moldaus, auf deren Urspr\u00fcnge wir stolz sind, st\u00e4ndig zu erforschen. Wir zeichnen uns durch Authentizit\u00e4t, Leidenschaft, Hingabe aus, aber vor allem wissen wir, was Sehnsucht bedeutet und wie schwierig die Ausreise damit ist. Unser Sortiment zielt darauf ab, ein lieber Begleiter zu sein, der die Erinnerung an die Traditionen, die Nation und das Land lebendig h\u00e4lt<\/p>\t\t\t\t\t\t\t\t<\/div>\n\t\t\t\t<\/div>\n\t\t\t\t\t<\/div>\n\t\t\t\t<\/div>\n\t\t<div class=\"wd-negative-gap elementor-element elementor-element-5ee0fe7 e-flex e-con-boxed e-con e-parent\" data-id=\"5ee0fe7\" data-element_type=\"container\">\n\t\t\t\t\t<div class=\"e-con-inner\">\n\t\t\t\t<div class=\"elementor-element elementor-element-35a6049 elementor-widget-divider--view-line elementor-widget elementor-widget-divider\" data-id=\"35a6049\" data-element_type=\"widget\" data-widget_type=\"divider.default\">\n\t\t\t\t<div class=\"elementor-widget-container\">\n\t\t\t\t\t\t\t<div class=\"elementor-divider\">\n\t\t\t<span class=\"elementor-divider-separator\">\n\t\t\t\t\t\t<\/span>\n\t\t<\/div>\n\t\t\t\t\t\t<\/div>\n\t\t\t\t<\/div>\n\t\t\t\t\t<\/div>\n\t\t\t\t<\/div>\n\t\t<div class=\"wd-negative-gap elementor-element elementor-element-d19077a e-flex e-con-boxed e-con e-parent\" data-id=\"d19077a\" data-element_type=\"container\">\n\t\t\t\t\t<div class=\"e-con-inner\">\n\t\t<div class=\"elementor-element elementor-element-66e3b29 e-con-full e-flex e-con e-child\" data-id=\"66e3b29\" data-element_type=\"container\">\n\t\t\t\t<div class=\"elementor-element elementor-element-4690e1e wd-width-100 elementor-widget elementor-widget-wd_title\" data-id=\"4690e1e\" data-element_type=\"widget\" data-widget_type=\"wd_title.default\">\n\t\t\t\t<div class=\"elementor-widget-container\">\n\t\t\t\t\t\t\t<div class=\"title-wrapper wd-set-mb reset-last-child wd-title-color-default wd-title-style-default wd-title-size-default text-left\">\n\n\t\t\t\n\t\t\t<div class=\"liner-continer\">\n\t\t\t\t<h4 class=\"woodmart-title-container title wd-fontsize-l\">Lass die Sehnsucht reden!<br \/>\n<\/h4> \n\t\t\t\t\t\t\t<\/div>\n\n\t\t\t\t\t<\/div>\n\t\t\t\t\t\t<\/div>\n\t\t\t\t<\/div>\n\t\t\t\t<div class=\"elementor-element elementor-element-a78ce10 elementor-widget elementor-widget-wd_text_block\" data-id=\"a78ce10\" data-element_type=\"widget\" data-widget_type=\"wd_text_block.default\">\n\t\t\t\t<div class=\"elementor-widget-container\">\n\t\t\t\t\t\t\t<div class=\"wd-text-block reset-last-child text-left color-title\">\n\t\t\t\n\t\t\t<h4 class=\"elementor-icon-box-title\">Wo wir uns befinden<\/h4><p><a href=\"https:\/\/www.google.ro\/maps\/place\/Ribbeckstra%C3%9Fe+6,+14469+Potsdam,+Germania\/@52.408103,13.0277219,17z\/data=!3m1!4b1!4m6!3m5!1s0x47a8f42894d2b2ad:0x67140abbcd32d51b!8m2!3d52.408103!4d13.0302968!16s%2Fg%2F11snp6gwyq?entry=ttu&amp;g_ep=EgoyMDI1MDMyMy4wIKXMDSoASAFQAw%3D%3D\" target=\"_blank\" rel=\"noopener\">Ribbeckstra\u00dfe 6-7, 14469 Potsdam<\/a><\/p>\n\t\t\t\t\t<\/div>\n\t\t\t\t\t\t<\/div>\n\t\t\t\t<\/div>\n\t\t<div class=\"elementor-element elementor-element-3e6363b e-con-full elementor-hidden-desktop elementor-hidden-tablet elementor-hidden-mobile e-flex e-con e-child\" data-id=\"3e6363b\" data-element_type=\"container\">\n\t\t<div class=\"elementor-element elementor-element-7dc501c e-con-full e-flex e-con e-child\" data-id=\"7dc501c\" data-element_type=\"container\">\n\t\t\t\t<div class=\"elementor-element elementor-element-e721d14 elementor-widget elementor-widget-wd_text_block\" data-id=\"e721d14\" data-element_type=\"widget\" data-widget_type=\"wd_text_block.default\">\n\t\t\t\t<div class=\"elementor-widget-container\">\n\t\t\t\t\t\t\t<div class=\"wd-text-block reset-last-child text-left\">\n\t\t\t\n\t\t\t<h4 class=\"elementor-icon-box-title\">Lass uns in Kontakt tretten<\/h4><p><a href=\"tel:+490172 9289423\">+49 (0) 172 9289423<\/a><\/p>\n\t\t\t\t\t<\/div>\n\t\t\t\t\t\t<\/div>\n\t\t\t\t<\/div>\n\t\t\t\t<\/div>\n\t\t<div class=\"elementor-element elementor-element-89f0882 e-con-full e-flex e-con e-child\" data-id=\"89f0882\" data-element_type=\"container\">\n\t\t\t\t<\/div>\n\t\t\t\t<\/div>\n\t\t\t\t<div class=\"elementor-element elementor-element-f92df57 elementor-widget elementor-widget-wd_text_block\" data-id=\"f92df57\" data-element_type=\"widget\" data-widget_type=\"wd_text_block.default\">\n\t\t\t\t<div class=\"elementor-widget-container\">\n\t\t\t\t\t\t\t<div class=\"wd-text-block reset-last-child text-left\">\n\t\t\t\n\t\t\t<h3>Email<\/h3>\n\t\t\t\t\t<\/div>\n\t\t\t\t\t\t<\/div>\n\t\t\t\t<\/div>\n\t\t<div class=\"elementor-element elementor-element-47f97ce e-con-full e-flex e-con e-child\" data-id=\"47f97ce\" data-element_type=\"container\">\n\t\t<div class=\"elementor-element elementor-element-a3edcc3 e-con-full e-flex e-con e-child\" data-id=\"a3edcc3\" data-element_type=\"container\">\n\t\t\t\t<div class=\"elementor-element elementor-element-a74c3c8 elementor-widget elementor-widget-wd_text_block\" data-id=\"a74c3c8\" data-element_type=\"widget\" data-widget_type=\"wd_text_block.default\">\n\t\t\t\t<div class=\"elementor-widget-container\">\n\t\t\t\t\t\t\t<div class=\"wd-text-block reset-last-child text-left color-title\">\n\t\t\t\n\t\t\t<p>\u00a0<a href=\"mailto:info@baraboi-winehouse.com\" target=\"_blank\" rel=\"nofollow noopener\">info@baraboi-winehouse.com<\/a><\/p>\n\t\t\t\t\t<\/div>\n\t\t\t\t\t\t<\/div>\n\t\t\t\t<\/div>\n\t\t\t\t<\/div>\n\t\t<div class=\"elementor-element elementor-element-404aa08 e-con-full elementor-hidden-desktop elementor-hidden-tablet elementor-hidden-mobile e-flex e-con e-child\" data-id=\"404aa08\" data-element_type=\"container\">\n\t\t\t\t<\/div>\n\t\t\t\t<\/div>\n\t\t\t\t<\/div>\n\t\t<div class=\"elementor-element elementor-element-f236c12 e-con-full e-flex e-con e-child\" data-id=\"f236c12\" data-element_type=\"container\">\n\t\t\t\t<div class=\"elementor-element elementor-element-98bd035 elementor-widget-mobile__width-inherit elementor-widget elementor-widget-wd_contact_form_7\" data-id=\"98bd035\" data-element_type=\"widget\" data-widget_type=\"wd_contact_form_7.default\">\n\t\t\t\t<div class=\"elementor-widget-container\">\n\t\t\t\t\t\n<div class=\"wpcf7 no-js\" id=\"wpcf7-f15-o1\" lang=\"en-US\" dir=\"ltr\" data-wpcf7-id=\"15\">\n<div class=\"screen-reader-response\"><p role=\"status\" aria-live=\"polite\" aria-atomic=\"true\"><\/p> <ul><\/ul><\/div>\n<form action=\"\/de\/wp-json\/wp\/v2\/pages\/895#wpcf7-f15-o1\" method=\"post\" class=\"wpcf7-form init\" aria-label=\"Contact form\" novalidate=\"novalidate\" data-status=\"init\" data-trp-original-action=\"\/de\/wp-json\/wp\/v2\/pages\/895#wpcf7-f15-o1\">\n<div style=\"display: none;\">\n<input type=\"hidden\" name=\"_wpcf7\" value=\"15\" \/>\n<input type=\"hidden\" name=\"_wpcf7_version\" value=\"6.0.6\" \/>\n<input type=\"hidden\" name=\"_wpcf7_locale\" value=\"en_US\" \/>\n<input type=\"hidden\" name=\"_wpcf7_unit_tag\" value=\"wpcf7-f15-o1\" \/>\n<input type=\"hidden\" name=\"_wpcf7_container_post\" value=\"0\" \/>\n<input type=\"hidden\" name=\"_wpcf7_posted_data_hash\" value=\"\" \/>\n<\/div>\n<p><label> Name und Vorname<br \/>\n<span class=\"wpcf7-form-control-wrap\" data-name=\"your-name\"><input size=\"40\" maxlength=\"400\" class=\"wpcf7-form-control wpcf7-text wpcf7-validates-as-required\" autocomplete=\"name\" aria-required=\"true\" aria-invalid=\"false\" value=\"\" type=\"text\" name=\"your-name\" \/><\/span> <\/label>\n<\/p>\n<p><label> E-mail Adresse<br \/>\n<span class=\"wpcf7-form-control-wrap\" data-name=\"your-email\"><input size=\"40\" maxlength=\"400\" class=\"wpcf7-form-control wpcf7-email wpcf7-validates-as-required wpcf7-text wpcf7-validates-as-email\" autocomplete=\"email\" aria-required=\"true\" aria-invalid=\"false\" value=\"\" type=\"email\" name=\"your-email\" \/><\/span> <\/label>\n<\/p>\n<p><label> Nachricht (optionel)<br \/>\n<span class=\"wpcf7-form-control-wrap\" data-name=\"your-message\"><textarea cols=\"40\" rows=\"10\" maxlength=\"2000\" class=\"wpcf7-form-control wpcf7-textarea\" aria-invalid=\"false\" name=\"your-message\"><\/textarea><\/span> <\/label>\n<\/p>\n<p><input class=\"wpcf7-form-control wpcf7-submit has-spinner\" type=\"submit\" value=\"Senden\" \/>\n<\/p><div class=\"wpcf7-response-output\" aria-hidden=\"true\"><\/div>\n<input type=\"hidden\" name=\"trp-form-language\" value=\"de\"\/><\/form>\n<\/div>\n\t\t\t\t<\/div>\n\t\t\t\t<\/div>\n\t\t\t\t<\/div>\n\t\t\t\t\t<\/div>\n\t\t\t\t<\/div>\n\t\t\t\t<\/div>","protected":false},"excerpt":{"rendered":"<p>Despre noi Din dragoste \u0219i dor pentru acas\u0103 Fiecare proiect dus la bun sf\u00e2r\u0219it este unul de suflet, menit pentru<\/p>","protected":false},"author":1,"featured_media":0,"parent":0,"menu_order":0,"comment_status":"closed","ping_status":"closed","template":"","meta":{"footnotes":""},"class_list":["post-895","page","type-page","status-publish","hentry"],"_links":{"self":[{"href":"http:\/\/baraboi-winehouse.com\/de\/wp-json\/wp\/v2\/pages\/895","targetHints":{"allow":["GET"]}}],"collection":[{"href":"http:\/\/baraboi-winehouse.com\/de\/wp-json\/wp\/v2\/pages"}],"about":[{"href":"http:\/\/baraboi-winehouse.com\/de\/wp-json\/wp\/v2\/types\/page"}],"author":[{"embeddable":true,"href":"http:\/\/baraboi-winehouse.com\/de\/wp-json\/wp\/v2\/users\/1"}],"replies":[{"embeddable":true,"href":"http:\/\/baraboi-winehouse.com\/de\/wp-json\/wp\/v2\/comments?post=895"}],"version-history":[{"count":0,"href":"http:\/\/baraboi-winehouse.com\/de\/wp-json\/wp\/v2\/pages\/895\/revisions"}],"wp:attachment":[{"href":"http:\/\/baraboi-winehouse.com\/de\/wp-json\/wp\/v2\/media?parent=895"}],"curies":[{"name":"wp","href":"https:\/\/api.w.org\/{rel}","templated":true}]}}