{"id":1562,"date":"2025-02-03T12:20:27","date_gmt":"2025-02-03T12:20:27","guid":{"rendered":"http:\/\/baraboi-winehouse.com\/?post_type=product&#038;p=1562"},"modified":"2025-10-31T14:43:13","modified_gmt":"2025-10-31T14:43:13","slug":"gogu-winery-instinct-feteasca-neagra","status":"publish","type":"product","link":"http:\/\/baraboi-winehouse.com\/de\/shop\/rosu\/gogu-winery-instinct-feteasca-neagra\/","title":{"rendered":"Gogu Winery Instinct Feteasca Neagra"},"content":{"rendered":"","protected":false},"excerpt":{"rendered":"<p><span style=\"font-weight: 400;\">Feteasca Neagr\u0103 Multivintage: Hergestellt durch die Zusammenstellung von 3 verschiedenen Reben von Feteasca Neagr\u0103, um sowohl die fruchtigen Noten dieser Sorte als auch die Noblesse der Reifung in Eichenf\u00e4ssern hervorzuheben. 12 Monate in F\u00e4ssern gereift.<\/span><\/p>\n<p>&nbsp;<\/p>\n<table class=\"woocommerce-product-attributes shop_attributes\" style=\"height: 369px;\" width=\"1394\" aria-label=\"Detalii produs\">\n<tbody>\n<tr class=\"woocommerce-product-attributes-item woocommerce-product-attributes-item--attribute_pa_taste\">\n<th class=\"woocommerce-product-attributes-item__label\" scope=\"row\"><strong><span class=\"wd-attr-name\"><span class=\"wd-attr-name-label\">Marke<\/span><\/span><\/strong><\/th>\n<td class=\"woocommerce-product-attributes-item__value\"><span style=\"font-weight: 400;\">Gogu Winery<\/span><\/td>\n<\/tr>\n<tr class=\"woocommerce-product-attributes-item woocommerce-product-attributes-item--attribute_pa_taste\">\n<th class=\"woocommerce-product-attributes-item__label\" scope=\"row\"><strong><span class=\"wd-attr-name\"><span class=\"wd-attr-name-label\">Jahr<\/span><\/span><\/strong><\/th>\n<td class=\"woocommerce-product-attributes-item__value\"><span style=\"font-weight: 400;\">2022<\/span><\/td>\n<\/tr>\n<tr class=\"woocommerce-product-attributes-item woocommerce-product-attributes-item--attribute_pa_taste\">\n<th class=\"woocommerce-product-attributes-item__label\" scope=\"row\"><strong><span class=\"wd-attr-name\"><span class=\"wd-attr-name-label\">Rebsorten<\/span><\/span><\/strong><\/th>\n<td class=\"woocommerce-product-attributes-item__value\"><span style=\"font-weight: 400;\">Feteasc\u0103 Neagr\u0103<\/span><\/td>\n<\/tr>\n<tr class=\"woocommerce-product-attributes-item woocommerce-product-attributes-item--attribute_pa_taste\">\n<th class=\"woocommerce-product-attributes-item__label\" scope=\"row\"><strong><span class=\"wd-attr-name\"><span class=\"wd-attr-name-label\">Geschmack<\/span><\/span><\/strong><\/th>\n<td class=\"woocommerce-product-attributes-item__value\">Trocken<\/td>\n<\/tr>\n<tr class=\"woocommerce-product-attributes-item woocommerce-product-attributes-item--attribute_pa_taste\">\n<th class=\"woocommerce-product-attributes-item__label\" scope=\"row\"><strong><span class=\"wd-attr-name\"><span class=\"wd-attr-name-label\">Farbe<\/span><\/span><\/strong><\/th>\n<td class=\"woocommerce-product-attributes-item__value\"><span style=\"font-weight: 400;\">Rotwein<\/span><\/td>\n<\/tr>\n<tr class=\"woocommerce-product-attributes-item woocommerce-product-attributes-item--attribute_pa_abv\">\n<th class=\"woocommerce-product-attributes-item__label\" scope=\"row\"><b>Alkoholgehalt<\/b><\/th>\n<td class=\"woocommerce-product-attributes-item__value\">13,5%<\/td>\n<\/tr>\n<tr class=\"woocommerce-product-attributes-item woocommerce-product-attributes-item--attribute_pa_vintage\">\n<th class=\"woocommerce-product-attributes-item__label\" scope=\"row\"><strong><span class=\"wd-attr-name\"><span class=\"wd-attr-name-label\">Region<\/span><\/span><\/strong><\/th>\n<td class=\"woocommerce-product-attributes-item__value\"><span style=\"font-weight: 400;\">Gesch\u00fctzte geografische Angabe \u0218tefan Vod\u0103<\/span><\/td>\n<\/tr>\n<tr class=\"woocommerce-product-attributes-item woocommerce-product-attributes-item--attribute_pa_region\">\n<th class=\"woocommerce-product-attributes-item__label\" scope=\"row\"><b>Land<\/b><\/th>\n<td class=\"woocommerce-product-attributes-item__value\">Republik Moldau<\/td>\n<\/tr>\n<tr class=\"woocommerce-product-attributes-item woocommerce-product-attributes-item--attribute_pa_country\">\n<th class=\"woocommerce-product-attributes-item__label\" scope=\"row\"><b>Temperatur<\/b><\/th>\n<td class=\"woocommerce-product-attributes-item__value\">+15&#8230;+18<span style=\"font-weight: 400;\">\u00baC<\/span><\/td>\n<\/tr>\n<tr class=\"woocommerce-product-attributes-item woocommerce-product-attributes-item--attribute_pa_temperature\">\n<th class=\"woocommerce-product-attributes-item__label\" scope=\"row\"><strong>Volumen<\/strong><\/th>\n<td class=\"woocommerce-product-attributes-item__value\">750ml<\/td>\n<\/tr>\n<\/tbody>\n<\/table>","protected":false},"featured_media":1563,"comment_status":"closed","ping_status":"closed","template":"","meta":[],"product_brand":[],"product_cat":[38],"product_tag":[],"class_list":{"0":"post-1562","1":"product","2":"type-product","3":"status-publish","4":"has-post-thumbnail","6":"product_cat-rosu","8":"first","9":"instock","10":"shipping-taxable","11":"purchasable","12":"product-type-simple"},"_links":{"self":[{"href":"http:\/\/baraboi-winehouse.com\/de\/wp-json\/wp\/v2\/product\/1562","targetHints":{"allow":["GET"]}}],"collection":[{"href":"http:\/\/baraboi-winehouse.com\/de\/wp-json\/wp\/v2\/product"}],"about":[{"href":"http:\/\/baraboi-winehouse.com\/de\/wp-json\/wp\/v2\/types\/product"}],"replies":[{"embeddable":true,"href":"http:\/\/baraboi-winehouse.com\/de\/wp-json\/wp\/v2\/comments?post=1562"}],"version-history":[{"count":1,"href":"http:\/\/baraboi-winehouse.com\/de\/wp-json\/wp\/v2\/product\/1562\/revisions"}],"predecessor-version":[{"id":2593,"href":"http:\/\/baraboi-winehouse.com\/de\/wp-json\/wp\/v2\/product\/1562\/revisions\/2593"}],"wp:featuredmedia":[{"embeddable":true,"href":"http:\/\/baraboi-winehouse.com\/de\/wp-json\/wp\/v2\/media\/1563"}],"wp:attachment":[{"href":"http:\/\/baraboi-winehouse.com\/de\/wp-json\/wp\/v2\/media?parent=1562"}],"wp:term":[{"taxonomy":"product_brand","embeddable":true,"href":"http:\/\/baraboi-winehouse.com\/de\/wp-json\/wp\/v2\/product_brand?post=1562"},{"taxonomy":"product_cat","embeddable":true,"href":"http:\/\/baraboi-winehouse.com\/de\/wp-json\/wp\/v2\/product_cat?post=1562"},{"taxonomy":"product_tag","embeddable":true,"href":"http:\/\/baraboi-winehouse.com\/de\/wp-json\/wp\/v2\/product_tag?post=1562"}],"curies":[{"name":"wp","href":"https:\/\/api.w.org\/{rel}","templated":true}]}}