{"id":1568,"date":"2025-02-03T12:29:08","date_gmt":"2025-02-03T12:29:08","guid":{"rendered":"http:\/\/baraboi-winehouse.com\/?post_type=product&#038;p=1568"},"modified":"2025-10-31T14:37:35","modified_gmt":"2025-10-31T14:37:35","slug":"gitana-reserve-rara-neagra","status":"publish","type":"product","link":"http:\/\/baraboi-winehouse.com\/de\/shop\/rosu\/gitana-reserve-rara-neagra\/","title":{"rendered":"Gitana Reserve Rara Neagr\u0103"},"content":{"rendered":"","protected":false},"excerpt":{"rendered":"<p><span style=\"font-weight: 400;\">Olphaktorisch : Aroma mit Nuancen von roten Beeren mit einem Hauch von Erdbeeren, mit Noten von Zitrusfr\u00fcchten<\/span><\/p>\n<p><span style=\"font-weight: 400;\">Geschmack: intensiver und komplexer Geschmack, mit milchigen Noten nach der malolaktischen G\u00e4rung im Holz, aber auch nach gut hervorgehobenen Trockenfr\u00fcchten. Trockener Rotwein aus der Rebsorte Rara Neagr\u0103, der von Hand geerntet und ausgew\u00e4hlt wird. Die Mazeration erfolgt in offenen Holzt\u00f6pfen ohne Temperaturkontrolle mit Hilfe einheimischer Hefen. Nach der Mazeration wird der Wein in gro\u00dfen Eichenf\u00e4ssern f\u00fcr die malolaktische G\u00e4rung und f\u00fcr die Reifung f\u00fcr 2 Jahre gelagert.<\/span><\/p>\n<p>&nbsp;<\/p>\n<table class=\"woocommerce-product-attributes shop_attributes\" style=\"height: 369px;\" width=\"1394\" aria-label=\"Detalii produs\">\n<tbody>\n<tr class=\"woocommerce-product-attributes-item woocommerce-product-attributes-item--attribute_pa_taste\">\n<th class=\"woocommerce-product-attributes-item__label\" scope=\"row\"><strong><span class=\"wd-attr-name\"><span class=\"wd-attr-name-label\">Marke<\/span><\/span><\/strong><\/th>\n<td class=\"woocommerce-product-attributes-item__value\"><span style=\"font-weight: 400;\">Gitana<\/span><\/td>\n<\/tr>\n<tr class=\"woocommerce-product-attributes-item woocommerce-product-attributes-item--attribute_pa_taste\">\n<th class=\"woocommerce-product-attributes-item__label\" scope=\"row\"><strong><span class=\"wd-attr-name\"><span class=\"wd-attr-name-label\">Jahr<\/span><\/span><\/strong><\/th>\n<td class=\"woocommerce-product-attributes-item__value\"><span style=\"font-weight: 400;\">2022<\/span><\/td>\n<\/tr>\n<tr class=\"woocommerce-product-attributes-item woocommerce-product-attributes-item--attribute_pa_taste\">\n<th class=\"woocommerce-product-attributes-item__label\" scope=\"row\"><strong><span class=\"wd-attr-name\"><span class=\"wd-attr-name-label\">Rebsorten<\/span><\/span><\/strong><\/th>\n<td class=\"woocommerce-product-attributes-item__value\"><span style=\"font-weight: 400;\">Rara Neagr\u0103<\/span><\/td>\n<\/tr>\n<tr class=\"woocommerce-product-attributes-item woocommerce-product-attributes-item--attribute_pa_taste\">\n<th class=\"woocommerce-product-attributes-item__label\" scope=\"row\"><strong><span class=\"wd-attr-name\"><span class=\"wd-attr-name-label\">Geschmack<\/span><\/span><\/strong><\/th>\n<td class=\"woocommerce-product-attributes-item__value\">Trocken<\/td>\n<\/tr>\n<tr class=\"woocommerce-product-attributes-item woocommerce-product-attributes-item--attribute_pa_taste\">\n<th class=\"woocommerce-product-attributes-item__label\" scope=\"row\"><strong><span class=\"wd-attr-name\"><span class=\"wd-attr-name-label\">Farbe<\/span><\/span><\/strong><\/th>\n<td class=\"woocommerce-product-attributes-item__value\"><span style=\"font-weight: 400;\">Rotwein<\/span><\/td>\n<\/tr>\n<tr class=\"woocommerce-product-attributes-item woocommerce-product-attributes-item--attribute_pa_abv\">\n<th class=\"woocommerce-product-attributes-item__label\" scope=\"row\"><b>Alkoholgehalt<\/b><\/th>\n<td class=\"woocommerce-product-attributes-item__value\">14%<\/td>\n<\/tr>\n<tr class=\"woocommerce-product-attributes-item woocommerce-product-attributes-item--attribute_pa_vintage\">\n<th class=\"woocommerce-product-attributes-item__label\" scope=\"row\"><strong><span class=\"wd-attr-name\"><span class=\"wd-attr-name-label\">Region<\/span><\/span><\/strong><\/th>\n<td class=\"woocommerce-product-attributes-item__value\"><span style=\"font-weight: 400;\">Gesch\u00fctzte geografische Angabe Valul lui Traian<\/span><\/td>\n<\/tr>\n<tr class=\"woocommerce-product-attributes-item woocommerce-product-attributes-item--attribute_pa_region\">\n<th class=\"woocommerce-product-attributes-item__label\" scope=\"row\"><b>Land<\/b><\/th>\n<td class=\"woocommerce-product-attributes-item__value\">Republik Moldau<\/td>\n<\/tr>\n<tr class=\"woocommerce-product-attributes-item woocommerce-product-attributes-item--attribute_pa_country\">\n<th class=\"woocommerce-product-attributes-item__label\" scope=\"row\"><b>Temperatur<\/b><\/th>\n<td class=\"woocommerce-product-attributes-item__value\">+14&#8230;+16<span style=\"font-weight: 400;\">\u00baC<\/span><\/td>\n<\/tr>\n<tr class=\"woocommerce-product-attributes-item woocommerce-product-attributes-item--attribute_pa_temperature\">\n<th class=\"woocommerce-product-attributes-item__label\" scope=\"row\"><strong>Volumen<\/strong><\/th>\n<td class=\"woocommerce-product-attributes-item__value\">750ml<\/td>\n<\/tr>\n<\/tbody>\n<\/table>","protected":false},"featured_media":1569,"comment_status":"closed","ping_status":"closed","template":"","meta":[],"product_brand":[],"product_cat":[38],"product_tag":[],"class_list":{"0":"post-1568","1":"product","2":"type-product","3":"status-publish","4":"has-post-thumbnail","6":"product_cat-rosu","8":"first","9":"instock","10":"shipping-taxable","11":"purchasable","12":"product-type-simple"},"_links":{"self":[{"href":"http:\/\/baraboi-winehouse.com\/de\/wp-json\/wp\/v2\/product\/1568","targetHints":{"allow":["GET"]}}],"collection":[{"href":"http:\/\/baraboi-winehouse.com\/de\/wp-json\/wp\/v2\/product"}],"about":[{"href":"http:\/\/baraboi-winehouse.com\/de\/wp-json\/wp\/v2\/types\/product"}],"replies":[{"embeddable":true,"href":"http:\/\/baraboi-winehouse.com\/de\/wp-json\/wp\/v2\/comments?post=1568"}],"version-history":[{"count":1,"href":"http:\/\/baraboi-winehouse.com\/de\/wp-json\/wp\/v2\/product\/1568\/revisions"}],"predecessor-version":[{"id":2591,"href":"http:\/\/baraboi-winehouse.com\/de\/wp-json\/wp\/v2\/product\/1568\/revisions\/2591"}],"wp:featuredmedia":[{"embeddable":true,"href":"http:\/\/baraboi-winehouse.com\/de\/wp-json\/wp\/v2\/media\/1569"}],"wp:attachment":[{"href":"http:\/\/baraboi-winehouse.com\/de\/wp-json\/wp\/v2\/media?parent=1568"}],"wp:term":[{"taxonomy":"product_brand","embeddable":true,"href":"http:\/\/baraboi-winehouse.com\/de\/wp-json\/wp\/v2\/product_brand?post=1568"},{"taxonomy":"product_cat","embeddable":true,"href":"http:\/\/baraboi-winehouse.com\/de\/wp-json\/wp\/v2\/product_cat?post=1568"},{"taxonomy":"product_tag","embeddable":true,"href":"http:\/\/baraboi-winehouse.com\/de\/wp-json\/wp\/v2\/product_tag?post=1568"}],"curies":[{"name":"wp","href":"https:\/\/api.w.org\/{rel}","templated":true}]}}