{"id":1604,"date":"2025-02-03T14:17:58","date_gmt":"2025-02-03T14:17:58","guid":{"rendered":"http:\/\/baraboi-winehouse.com\/?post_type=product&#038;p=1604"},"modified":"2026-01-08T07:04:40","modified_gmt":"2026-01-08T07:04:40","slug":"fautor-aurore-rara-neagra","status":"publish","type":"product","link":"http:\/\/baraboi-winehouse.com\/de\/shop\/rosu\/fautor-aurore-rara-neagra\/","title":{"rendered":"Fautor Aurore Rara Neagr\u0103"},"content":{"rendered":"","protected":false},"excerpt":{"rendered":"<p><span style=\"font-weight: 400;\">Festliche rubinrote Farbe. Feines Aroma von Nelken, Kirschkernen, Granat\u00e4pfeln und Pflaumen. Im Geschmack \u2013 reife Kirschen, verst\u00e4rkt durch leicht w\u00fcrzige Noten. Ein komplexer Wein mit einem langen Nachgeschmack. 6 Monate in franz\u00f6sischen Eichenf\u00e4ssern gereift.<\/span><\/p>\n<p>&nbsp;<\/p>\n<table class=\"woocommerce-product-attributes shop_attributes\" style=\"height: 369px;\" width=\"1394\" aria-label=\"Detalii produs\">\n<tbody>\n<tr class=\"woocommerce-product-attributes-item woocommerce-product-attributes-item--attribute_pa_taste\">\n<th class=\"woocommerce-product-attributes-item__label\" scope=\"row\"><strong><span class=\"wd-attr-name\"><span class=\"wd-attr-name-label\">Marke<\/span><\/span><\/strong><\/th>\n<td class=\"woocommerce-product-attributes-item__value\"><span style=\"font-weight: 400;\">Fautor<\/span><\/td>\n<\/tr>\n<tr class=\"woocommerce-product-attributes-item woocommerce-product-attributes-item--attribute_pa_taste\">\n<th class=\"woocommerce-product-attributes-item__label\" scope=\"row\"><strong><span class=\"wd-attr-name\"><span class=\"wd-attr-name-label\">Jahr<\/span><\/span><\/strong><\/th>\n<td class=\"woocommerce-product-attributes-item__value\"><span style=\"font-weight: 400;\">2020<\/span><\/td>\n<\/tr>\n<tr class=\"woocommerce-product-attributes-item woocommerce-product-attributes-item--attribute_pa_taste\">\n<th class=\"woocommerce-product-attributes-item__label\" scope=\"row\"><strong><span class=\"wd-attr-name\"><span class=\"wd-attr-name-label\">Medaillen<\/span><\/span><\/strong><\/th>\n<td class=\"woocommerce-product-attributes-item__value\"><span style=\"font-weight: 400;\">Galicja Vitis 2020 (Polen)<\/span><\/td>\n<\/tr>\n<tr class=\"woocommerce-product-attributes-item woocommerce-product-attributes-item--attribute_pa_taste\">\n<th class=\"woocommerce-product-attributes-item__label\" scope=\"row\"><strong><span class=\"wd-attr-name\"><span class=\"wd-attr-name-label\">Rebsorten<\/span><\/span><\/strong><\/th>\n<td class=\"woocommerce-product-attributes-item__value\"><span style=\"font-weight: 400;\">Rara Neagr\u0103<\/span><\/td>\n<\/tr>\n<tr class=\"woocommerce-product-attributes-item woocommerce-product-attributes-item--attribute_pa_taste\">\n<th class=\"woocommerce-product-attributes-item__label\" scope=\"row\"><strong><span class=\"wd-attr-name\"><span class=\"wd-attr-name-label\">Geschmack<\/span><\/span><\/strong><\/th>\n<td class=\"woocommerce-product-attributes-item__value\">Trocken<\/td>\n<\/tr>\n<tr class=\"woocommerce-product-attributes-item woocommerce-product-attributes-item--attribute_pa_taste\">\n<th class=\"woocommerce-product-attributes-item__label\" scope=\"row\"><strong><span class=\"wd-attr-name\"><span class=\"wd-attr-name-label\">Farbe<\/span><\/span><\/strong><\/th>\n<td class=\"woocommerce-product-attributes-item__value\"><span style=\"font-weight: 400;\">Rotwein<\/span><\/td>\n<\/tr>\n<tr class=\"woocommerce-product-attributes-item woocommerce-product-attributes-item--attribute_pa_abv\">\n<th class=\"woocommerce-product-attributes-item__label\" scope=\"row\"><b>Alkoholgehalt<\/b><\/th>\n<td class=\"woocommerce-product-attributes-item__value\">13,5%<\/td>\n<\/tr>\n<tr class=\"woocommerce-product-attributes-item woocommerce-product-attributes-item--attribute_pa_vintage\">\n<th class=\"woocommerce-product-attributes-item__label\" scope=\"row\"><strong><span class=\"wd-attr-name\"><span class=\"wd-attr-name-label\">Region<\/span><\/span><\/strong><\/th>\n<td class=\"woocommerce-product-attributes-item__value\"><span style=\"font-weight: 400;\">Gesch\u00fctzte geografische Angabe Valul lui Traian<\/span><\/td>\n<\/tr>\n<tr class=\"woocommerce-product-attributes-item woocommerce-product-attributes-item--attribute_pa_region\">\n<th class=\"woocommerce-product-attributes-item__label\" scope=\"row\"><b>Land<\/b><\/th>\n<td class=\"woocommerce-product-attributes-item__value\">Republik Moldau<\/td>\n<\/tr>\n<tr class=\"woocommerce-product-attributes-item woocommerce-product-attributes-item--attribute_pa_country\">\n<th class=\"woocommerce-product-attributes-item__label\" scope=\"row\"><b>Temperatur<\/b><\/th>\n<td class=\"woocommerce-product-attributes-item__value\">+14&#8230;+16<span style=\"font-weight: 400;\">\u00baC<\/span><\/td>\n<\/tr>\n<tr class=\"woocommerce-product-attributes-item woocommerce-product-attributes-item--attribute_pa_temperature\">\n<th class=\"woocommerce-product-attributes-item__label\" scope=\"row\"><strong>Volumen<\/strong><\/th>\n<td class=\"woocommerce-product-attributes-item__value\">750ml<\/td>\n<\/tr>\n<\/tbody>\n<\/table>","protected":false},"featured_media":1605,"comment_status":"closed","ping_status":"closed","template":"","meta":[],"product_brand":[],"product_cat":[38],"product_tag":[],"class_list":{"0":"post-1604","1":"product","2":"type-product","3":"status-publish","4":"has-post-thumbnail","6":"product_cat-rosu","8":"first","9":"instock","10":"shipping-taxable","11":"purchasable","12":"product-type-simple"},"_links":{"self":[{"href":"http:\/\/baraboi-winehouse.com\/de\/wp-json\/wp\/v2\/product\/1604","targetHints":{"allow":["GET"]}}],"collection":[{"href":"http:\/\/baraboi-winehouse.com\/de\/wp-json\/wp\/v2\/product"}],"about":[{"href":"http:\/\/baraboi-winehouse.com\/de\/wp-json\/wp\/v2\/types\/product"}],"replies":[{"embeddable":true,"href":"http:\/\/baraboi-winehouse.com\/de\/wp-json\/wp\/v2\/comments?post=1604"}],"version-history":[{"count":1,"href":"http:\/\/baraboi-winehouse.com\/de\/wp-json\/wp\/v2\/product\/1604\/revisions"}],"predecessor-version":[{"id":2582,"href":"http:\/\/baraboi-winehouse.com\/de\/wp-json\/wp\/v2\/product\/1604\/revisions\/2582"}],"wp:featuredmedia":[{"embeddable":true,"href":"http:\/\/baraboi-winehouse.com\/de\/wp-json\/wp\/v2\/media\/1605"}],"wp:attachment":[{"href":"http:\/\/baraboi-winehouse.com\/de\/wp-json\/wp\/v2\/media?parent=1604"}],"wp:term":[{"taxonomy":"product_brand","embeddable":true,"href":"http:\/\/baraboi-winehouse.com\/de\/wp-json\/wp\/v2\/product_brand?post=1604"},{"taxonomy":"product_cat","embeddable":true,"href":"http:\/\/baraboi-winehouse.com\/de\/wp-json\/wp\/v2\/product_cat?post=1604"},{"taxonomy":"product_tag","embeddable":true,"href":"http:\/\/baraboi-winehouse.com\/de\/wp-json\/wp\/v2\/product_tag?post=1604"}],"curies":[{"name":"wp","href":"https:\/\/api.w.org\/{rel}","templated":true}]}}