{"id":1858,"date":"2025-03-04T09:22:21","date_gmt":"2025-03-04T09:22:21","guid":{"rendered":"http:\/\/baraboi-winehouse.com\/?post_type=product&#038;p=1858"},"modified":"2025-12-05T07:07:53","modified_gmt":"2025-12-05T07:07:53","slug":"carpe-diem-bad-boys","status":"publish","type":"product","link":"http:\/\/baraboi-winehouse.com\/de\/shop\/rosu\/carpe-diem-bad-boys\/","title":{"rendered":"Carpe Diem Bad Boys"},"content":{"rendered":"","protected":false},"excerpt":{"rendered":"<p>Ein rubinroter Wein, eine harmonische Cuv\u00e9e aus Feteasc\u0103 Neagr\u0103, Saperavi, Cabernet Sauvignon und Merlot. In der Nase zeigen sich intensive Aromen von schwarzen Kirschen und einem Hauch Vanille. Am Gaumen vollmundig und ausgewogen, mit Noten von Brombeeren, s\u00fc\u00dfen Sauerkirschen und reifen schwarzen Kirschen \u2013 fein abgerundet durch Nuancen von Pfeffer und Kakao. Der Abgang ist lang und samtig. 20 Monate in franz\u00f6sischen Eichenbarriques gereift.<\/p>\n<p>&nbsp;<\/p>\n<table class=\"woocommerce-product-attributes shop_attributes\" style=\"height: 369px;\" width=\"1394\" aria-label=\"Detalii produs\">\n<tbody>\n<tr class=\"woocommerce-product-attributes-item woocommerce-product-attributes-item--attribute_pa_taste\">\n<th class=\"woocommerce-product-attributes-item__label\" scope=\"row\"><strong><span class=\"wd-attr-name\"><span class=\"wd-attr-name-label\">Marke<\/span><\/span><\/strong><\/th>\n<td class=\"woocommerce-product-attributes-item__value\"><span style=\"font-weight: 400;\">Casa Vinicol\u0103 Luca<\/span><\/td>\n<\/tr>\n<tr class=\"woocommerce-product-attributes-item woocommerce-product-attributes-item--attribute_pa_taste\">\n<th class=\"woocommerce-product-attributes-item__label\" scope=\"row\"><strong><span class=\"wd-attr-name\"><span class=\"wd-attr-name-label\">Jahr<\/span><\/span><\/strong><\/th>\n<td class=\"woocommerce-product-attributes-item__value\"><span style=\"font-weight: 400;\">2019<\/span><\/td>\n<\/tr>\n<tr class=\"woocommerce-product-attributes-item woocommerce-product-attributes-item--attribute_pa_taste\">\n<th class=\"woocommerce-product-attributes-item__label\" scope=\"row\"><strong><span class=\"wd-attr-name\"><span class=\"wd-attr-name-label\">Medaillen<\/span><\/span><\/strong><\/th>\n<td class=\"woocommerce-product-attributes-item__value translation-block\">Gold \u2013 Wine of Moldova Contest 2023  <br>\nGold \u2013 Berliner Wein Trophy 2018<\/td>\n<\/tr>\n<tr class=\"woocommerce-product-attributes-item woocommerce-product-attributes-item--attribute_pa_taste\">\n<th class=\"woocommerce-product-attributes-item__label\" scope=\"row\"><strong><span class=\"wd-attr-name\"><span class=\"wd-attr-name-label\">Rebsorten<\/span><\/span><\/strong><\/th>\n<td class=\"woocommerce-product-attributes-item__value\"><span style=\"font-weight: 400;\">Feteasca Neagr\u0103, Saperavi, Cabernet Sauvignon, Merlot<\/span><\/td>\n<\/tr>\n<tr class=\"woocommerce-product-attributes-item woocommerce-product-attributes-item--attribute_pa_taste\">\n<th class=\"woocommerce-product-attributes-item__label\" scope=\"row\"><strong><span class=\"wd-attr-name\"><span class=\"wd-attr-name-label\">Geschmack<\/span><\/span><\/strong><\/th>\n<td class=\"woocommerce-product-attributes-item__value\">Trocken<\/td>\n<\/tr>\n<tr class=\"woocommerce-product-attributes-item woocommerce-product-attributes-item--attribute_pa_taste\">\n<th class=\"woocommerce-product-attributes-item__label\" scope=\"row\"><strong><span class=\"wd-attr-name\"><span class=\"wd-attr-name-label\">Farbe<\/span><\/span><\/strong><\/th>\n<td class=\"woocommerce-product-attributes-item__value\"><span style=\"font-weight: 400;\">Rotwein<\/span><\/td>\n<\/tr>\n<tr class=\"woocommerce-product-attributes-item woocommerce-product-attributes-item--attribute_pa_abv\">\n<th class=\"woocommerce-product-attributes-item__label\" scope=\"row\"><b>Alkoholgehalt<\/b><\/th>\n<td class=\"woocommerce-product-attributes-item__value\">14,5%<\/td>\n<\/tr>\n<tr class=\"woocommerce-product-attributes-item woocommerce-product-attributes-item--attribute_pa_vintage\">\n<th class=\"woocommerce-product-attributes-item__label\" scope=\"row\"><strong><span class=\"wd-attr-name\"><span class=\"wd-attr-name-label\">Region<\/span><\/span><\/strong><\/th>\n<td class=\"woocommerce-product-attributes-item__value\"><span style=\"font-weight: 400;\">Gesch\u00fctzte geografische Angabe Codru<\/span><\/td>\n<\/tr>\n<tr class=\"woocommerce-product-attributes-item woocommerce-product-attributes-item--attribute_pa_region\">\n<th class=\"woocommerce-product-attributes-item__label\" scope=\"row\"><b>Land<\/b><\/th>\n<td class=\"woocommerce-product-attributes-item__value\">Republik Moldau<\/td>\n<\/tr>\n<tr class=\"woocommerce-product-attributes-item woocommerce-product-attributes-item--attribute_pa_country\">\n<th class=\"woocommerce-product-attributes-item__label\" scope=\"row\"><b>Temperatur<\/b><\/th>\n<td class=\"woocommerce-product-attributes-item__value\">+14&#8230;+16<span style=\"font-weight: 400;\">\u00baC<\/span><\/td>\n<\/tr>\n<tr class=\"woocommerce-product-attributes-item woocommerce-product-attributes-item--attribute_pa_temperature\">\n<th class=\"woocommerce-product-attributes-item__label\" scope=\"row\"><strong>Volumen<\/strong><\/th>\n<td class=\"woocommerce-product-attributes-item__value\">750ml<\/td>\n<\/tr>\n<\/tbody>\n<\/table>","protected":false},"featured_media":1859,"comment_status":"closed","ping_status":"closed","template":"","meta":[],"product_brand":[],"product_cat":[38],"product_tag":[],"class_list":{"0":"post-1858","1":"product","2":"type-product","3":"status-publish","4":"has-post-thumbnail","6":"product_cat-rosu","8":"first","9":"instock","10":"shipping-taxable","11":"purchasable","12":"product-type-simple"},"_links":{"self":[{"href":"http:\/\/baraboi-winehouse.com\/de\/wp-json\/wp\/v2\/product\/1858","targetHints":{"allow":["GET"]}}],"collection":[{"href":"http:\/\/baraboi-winehouse.com\/de\/wp-json\/wp\/v2\/product"}],"about":[{"href":"http:\/\/baraboi-winehouse.com\/de\/wp-json\/wp\/v2\/types\/product"}],"replies":[{"embeddable":true,"href":"http:\/\/baraboi-winehouse.com\/de\/wp-json\/wp\/v2\/comments?post=1858"}],"version-history":[{"count":2,"href":"http:\/\/baraboi-winehouse.com\/de\/wp-json\/wp\/v2\/product\/1858\/revisions"}],"predecessor-version":[{"id":2518,"href":"http:\/\/baraboi-winehouse.com\/de\/wp-json\/wp\/v2\/product\/1858\/revisions\/2518"}],"wp:featuredmedia":[{"embeddable":true,"href":"http:\/\/baraboi-winehouse.com\/de\/wp-json\/wp\/v2\/media\/1859"}],"wp:attachment":[{"href":"http:\/\/baraboi-winehouse.com\/de\/wp-json\/wp\/v2\/media?parent=1858"}],"wp:term":[{"taxonomy":"product_brand","embeddable":true,"href":"http:\/\/baraboi-winehouse.com\/de\/wp-json\/wp\/v2\/product_brand?post=1858"},{"taxonomy":"product_cat","embeddable":true,"href":"http:\/\/baraboi-winehouse.com\/de\/wp-json\/wp\/v2\/product_cat?post=1858"},{"taxonomy":"product_tag","embeddable":true,"href":"http:\/\/baraboi-winehouse.com\/de\/wp-json\/wp\/v2\/product_tag?post=1858"}],"curies":[{"name":"wp","href":"https:\/\/api.w.org\/{rel}","templated":true}]}}