{"id":2056,"date":"2025-05-21T04:51:47","date_gmt":"2025-05-21T04:51:47","guid":{"rendered":"https:\/\/baraboi-winehouse.com\/?post_type=product&#038;p=2056"},"modified":"2025-10-31T10:36:14","modified_gmt":"2025-10-31T10:36:14","slug":"bardul-din-mircesti-couvee-rouge","status":"publish","type":"product","link":"http:\/\/baraboi-winehouse.com\/de\/shop\/rosu\/bardul-din-mircesti-couvee-rouge\/","title":{"rendered":"Bardul din Mircesti Couvee Rouge"},"content":{"rendered":"","protected":false},"excerpt":{"rendered":"<p><span style=\"font-weight: 400;\">Trockener Rotwein, eine Cuv\u00e9e aus zwei besonderen Rebsorten. Die einheimische Sorte Cabernet Sauvignon mit einem Anteil von 56% ist von der georgischen Sorte Saperavi mit einem Anteil von 44% begleitet. Der Wein hat eine intensive rubinrote Farbe. Es wird empfohlen, ihn in Bordeaux-Gl\u00e4sern zu servieren. Aromen von schwarzen Kirschen, Johannisbeeren, Brombeeren, Tr\u00fcffel und Pfeffer. Fruchtiger, w\u00fcrziger Geschmack mit s\u00fc\u00dfen Gew\u00fcrzen und Bitterschokolade. Die Trauben wurden in den Weinbergen des Dorfes Mirce\u015fti im Zentrum Moldawiens geerntet. Die Cuv\u00e9e wurde 30 Tage lang in offenen G\u00e4rbottichen vergoren. Die Cuv\u00e9e reifte 24 Monate lang in neuen Eichenf\u00e4ssern. Der Wein hat seine Trinkreife bereits erreicht und hat ein Alterungspotential von mindestens 10 Jahren. Als kulinarische Begleitung wird Lammfleisch, Wildgerichte, Rindersteak, w\u00fcrzige Wurstwaren und K\u00e4se empfohlen. Es wird empfohlen, den Wein vor dem Genuss zu dekantieren.<\/span><\/p>\n<table class=\"woocommerce-product-attributes shop_attributes\" style=\"height: 369px;\" width=\"1394\" aria-label=\"Detalii produs\">\n<tbody>\n<tr class=\"woocommerce-product-attributes-item woocommerce-product-attributes-item--attribute_pa_taste\">\n<th class=\"woocommerce-product-attributes-item__label\" scope=\"row\"><strong><span class=\"wd-attr-name\"><span class=\"wd-attr-name-label\">Marke<\/span><\/span><\/strong><\/th>\n<td class=\"woocommerce-product-attributes-item__value\"><span style=\"font-weight: 400;\">Crama Mircesti<\/span><\/td>\n<\/tr>\n<tr class=\"woocommerce-product-attributes-item woocommerce-product-attributes-item--attribute_pa_taste\">\n<th class=\"woocommerce-product-attributes-item__label\" scope=\"row\"><strong><span class=\"wd-attr-name\"><span class=\"wd-attr-name-label\">Jahr<\/span><\/span><\/strong><\/th>\n<td class=\"woocommerce-product-attributes-item__value\"><span style=\"font-weight: 400;\">2022<\/span><\/td>\n<\/tr>\n<tr class=\"woocommerce-product-attributes-item woocommerce-product-attributes-item--attribute_pa_taste\">\n<th class=\"woocommerce-product-attributes-item__label\" scope=\"row\"><strong><span class=\"wd-attr-name\"><span class=\"wd-attr-name-label\">Medaillen<\/span><\/span><\/strong><\/th>\n<td class=\"woocommerce-product-attributes-item__value\"><span style=\"font-weight: 400;\">Silver MUNDUS VINI \u2013 Grand International Wine Award<\/span><\/td>\n<\/tr>\n<tr class=\"woocommerce-product-attributes-item woocommerce-product-attributes-item--attribute_pa_taste\">\n<th class=\"woocommerce-product-attributes-item__label\" scope=\"row\"><strong><span class=\"wd-attr-name\"><span class=\"wd-attr-name-label\">Rebsorten<\/span><\/span><\/strong><\/th>\n<td class=\"woocommerce-product-attributes-item__value\"><span style=\"font-weight: 400;\">Cabernet-Sauvignon, Saperavi<\/span><\/td>\n<\/tr>\n<tr class=\"woocommerce-product-attributes-item woocommerce-product-attributes-item--attribute_pa_taste\">\n<th class=\"woocommerce-product-attributes-item__label\" scope=\"row\"><strong><span class=\"wd-attr-name\"><span class=\"wd-attr-name-label\">Geschmack<\/span><\/span><\/strong><\/th>\n<td class=\"woocommerce-product-attributes-item__value\">Trocken<\/td>\n<\/tr>\n<tr class=\"woocommerce-product-attributes-item woocommerce-product-attributes-item--attribute_pa_taste\">\n<th class=\"woocommerce-product-attributes-item__label\" scope=\"row\"><strong><span class=\"wd-attr-name\"><span class=\"wd-attr-name-label\">Farbe<\/span><\/span><\/strong><\/th>\n<td class=\"woocommerce-product-attributes-item__value\"><span style=\"font-weight: 400;\">Rotwein<\/span><\/td>\n<\/tr>\n<tr class=\"woocommerce-product-attributes-item woocommerce-product-attributes-item--attribute_pa_abv\">\n<th class=\"woocommerce-product-attributes-item__label\" scope=\"row\"><b>Alkoholgehalt<\/b><\/th>\n<td class=\"woocommerce-product-attributes-item__value\">15%<\/td>\n<\/tr>\n<tr class=\"woocommerce-product-attributes-item woocommerce-product-attributes-item--attribute_pa_vintage\">\n<th class=\"woocommerce-product-attributes-item__label\" scope=\"row\"><strong><span class=\"wd-attr-name\"><span class=\"wd-attr-name-label\">Region<\/span><\/span><\/strong><\/th>\n<td class=\"woocommerce-product-attributes-item__value\"><span style=\"font-weight: 400;\">Gesch\u00fctzte geografische Angabe Codru<\/span><\/td>\n<\/tr>\n<tr class=\"woocommerce-product-attributes-item woocommerce-product-attributes-item--attribute_pa_region\">\n<th class=\"woocommerce-product-attributes-item__label\" scope=\"row\"><b>Land<\/b><\/th>\n<td class=\"woocommerce-product-attributes-item__value\">Republik Moldau<\/td>\n<\/tr>\n<tr class=\"woocommerce-product-attributes-item woocommerce-product-attributes-item--attribute_pa_country\">\n<th class=\"woocommerce-product-attributes-item__label\" scope=\"row\"><b>Temperatur<\/b><\/th>\n<td class=\"woocommerce-product-attributes-item__value\">+14&#8230;+16<span style=\"font-weight: 400;\">\u00baC<\/span><\/td>\n<\/tr>\n<tr class=\"woocommerce-product-attributes-item woocommerce-product-attributes-item--attribute_pa_temperature\">\n<th class=\"woocommerce-product-attributes-item__label\" scope=\"row\"><strong>Volumen<\/strong><\/th>\n<td class=\"woocommerce-product-attributes-item__value\">750ml<\/td>\n<\/tr>\n<\/tbody>\n<\/table>","protected":false},"featured_media":2057,"comment_status":"closed","ping_status":"closed","template":"","meta":[],"product_brand":[],"product_cat":[38],"product_tag":[],"class_list":{"0":"post-2056","1":"product","2":"type-product","3":"status-publish","4":"has-post-thumbnail","6":"product_cat-rosu","8":"first","9":"instock","10":"shipping-taxable","11":"purchasable","12":"product-type-simple"},"_links":{"self":[{"href":"http:\/\/baraboi-winehouse.com\/de\/wp-json\/wp\/v2\/product\/2056","targetHints":{"allow":["GET"]}}],"collection":[{"href":"http:\/\/baraboi-winehouse.com\/de\/wp-json\/wp\/v2\/product"}],"about":[{"href":"http:\/\/baraboi-winehouse.com\/de\/wp-json\/wp\/v2\/types\/product"}],"replies":[{"embeddable":true,"href":"http:\/\/baraboi-winehouse.com\/de\/wp-json\/wp\/v2\/comments?post=2056"}],"version-history":[{"count":1,"href":"http:\/\/baraboi-winehouse.com\/de\/wp-json\/wp\/v2\/product\/2056\/revisions"}],"predecessor-version":[{"id":2502,"href":"http:\/\/baraboi-winehouse.com\/de\/wp-json\/wp\/v2\/product\/2056\/revisions\/2502"}],"wp:featuredmedia":[{"embeddable":true,"href":"http:\/\/baraboi-winehouse.com\/de\/wp-json\/wp\/v2\/media\/2057"}],"wp:attachment":[{"href":"http:\/\/baraboi-winehouse.com\/de\/wp-json\/wp\/v2\/media?parent=2056"}],"wp:term":[{"taxonomy":"product_brand","embeddable":true,"href":"http:\/\/baraboi-winehouse.com\/de\/wp-json\/wp\/v2\/product_brand?post=2056"},{"taxonomy":"product_cat","embeddable":true,"href":"http:\/\/baraboi-winehouse.com\/de\/wp-json\/wp\/v2\/product_cat?post=2056"},{"taxonomy":"product_tag","embeddable":true,"href":"http:\/\/baraboi-winehouse.com\/de\/wp-json\/wp\/v2\/product_tag?post=2056"}],"curies":[{"name":"wp","href":"https:\/\/api.w.org\/{rel}","templated":true}]}}