{"id":2125,"date":"2025-06-05T09:03:26","date_gmt":"2025-06-05T09:03:26","guid":{"rendered":"https:\/\/baraboi-winehouse.com\/?page_id=2125"},"modified":"2025-06-05T09:05:41","modified_gmt":"2025-06-05T09:05:41","slug":"informatii-legale-si-date-de-contact","status":"publish","type":"page","link":"http:\/\/baraboi-winehouse.com\/ro\/informatii-legale-si-date-de-contact\/","title":{"rendered":"Informa\u021bii legale \u0219i date de contact"},"content":{"rendered":"\t\t<div data-elementor-type=\"wp-page\" data-elementor-id=\"2125\" class=\"elementor elementor-2125\" data-elementor-post-type=\"page\">\n\t\t\t\t<div class=\"wd-negative-gap elementor-element elementor-element-612a2e89 e-flex e-con-boxed e-con e-parent\" data-id=\"612a2e89\" data-element_type=\"container\">\n\t\t\t\t\t<div class=\"e-con-inner\">\n\t\t\t\t<div class=\"elementor-element elementor-element-5aa7ece7 color-scheme-inherit text-left elementor-widget elementor-widget-text-editor\" data-id=\"5aa7ece7\" data-element_type=\"widget\" data-widget_type=\"text-editor.default\">\n\t\t\t\t<div class=\"elementor-widget-container\">\n\t\t\t\t\t\t\t\t\t<p><span style=\"font-weight: 400;\">Informa\u021bii conform \u00a7 5 TMG<\/span><\/p><h2><b>Gerex GmbH<\/b><\/h2><p><span style=\"font-weight: 400;\">Kurf\u00fcrstendamm 194<\/span><\/p><p><span style=\"font-weight: 400;\">10707 Berlin<\/span><\/p><p><span style=\"font-weight: 400;\">info@gerex-gmbh.de<\/span><\/p><p><b>Reprezentat de:<\/b><\/p><p><span style=\"font-weight: 400;\">Daniela Caraiman<\/span><\/p><p><b>Intrare \u00een registru:<\/b><\/p><p><span style=\"font-weight: 400;\">\u00cenregistrare \u00een Registrul Comer\u021bului.<\/span><\/p><p><span style=\"font-weight: 400;\">Tribunalul de \u00eenregistrare: Berlin-Charlottenburg.<\/span><\/p><p><span style=\"font-weight: 400;\">Num\u0103r de \u00eenregistrare: HRB 236510 B.<\/span><\/p><p><b>Cod TVA:<\/b><\/p><p><span style=\"font-weight: 400;\">Num\u0103r de identificare TVA conform \u00a727a din Legea privind taxa pe v\u00e2nz\u0103ri: 27\/305\/50150<\/span><\/p><p><b>Responsabil pentru con\u021binut conform \u00a7 55 alin. 2 RStV:<\/b><\/p><p><span style=\"font-weight: 400;\">Daniela Caraiman<\/span><\/p><p><span style=\"font-weight: 400;\">Kurf\u00fcrstendamm 194<\/span><\/p><p><span style=\"font-weight: 400;\">10707 Berlin<\/span><span style=\"font-weight: 400;\"><br \/><br \/><\/span><\/p><h2><b>Declinare de responsabilitate:<\/b><\/h2><p><b>R\u0103spunderea pentru con\u021binut<\/b><\/p><p><span style=\"font-weight: 400;\">Con\u021binutul paginilor noastre a fost creat cu cea mai mare grij\u0103. Cu toate acestea, nu putem garanta acurate\u021bea, caracterul complet sau actualitatea con\u021binutului. \u00cen calitate de furnizor de servicii, suntem responsabili pentru propriul con\u021binut de pe aceste pagini \u00een conformitate cu articolul 7 alineatul (1) din Legea german\u0103 privind telemedia (TMG). Cu toate acestea, conform articolelor 8-10 din Legea german\u0103 privind telemedia (TMG), \u00een calitate de furnizor de servicii, nu suntem obliga\u021bi s\u0103 monitoriz\u0103m informa\u021biile transmise sau stocate de ter\u021bi sau s\u0103 investig\u0103m circumstan\u021bele care indic\u0103 o activitate ilegal\u0103. Obliga\u021biile legale de a elimina informa\u021biile sau de a bloca utilizarea informa\u021biilor r\u0103m\u00e2n neafectate. \u00cen acest caz, r\u0103spunderea este posibil\u0103 numai \u00een momentul lu\u0103rii la cuno\u0219tin\u021b\u0103 a unei \u00eenc\u0103lc\u0103ri specifice a legii. La luarea la cuno\u0219tin\u021b\u0103 a unor astfel de \u00eenc\u0103lc\u0103ri, vom elimina imediat acest con\u021binut.<\/span><\/p><h2><b>R\u0103spunderea pentru linkuri<\/b><\/h2><p><span style=\"font-weight: 400;\">Oferta noastr\u0103 con\u021bine link-uri c\u0103tre site-uri web externe ale unor ter\u021be p\u0103r\u021bi, asupra c\u0103rora nu avem nicio influen\u021b\u0103. Prin urmare, nu ne putem asuma nicio r\u0103spundere pentru acest con\u021binut extern. Furnizorul sau operatorul respectiv al paginilor este \u00eentotdeauna responsabil pentru con\u021binutul paginilor linkate. Paginile linkate au fost verificate la momentul link\u0103rii pentru posibile \u00eenc\u0103lc\u0103ri legale. Con\u021binutul ilegal nu a fost recunoscut la momentul link\u0103rii. Cu toate acestea, monitorizarea permanent\u0103 a con\u021binutului paginilor linkate nu este rezonabil\u0103 f\u0103r\u0103 dovezi concrete ale unei \u00eenc\u0103lc\u0103ri legale. La notificarea oric\u0103ror \u00eenc\u0103lc\u0103ri legale, vom elimina imediat aceste link-uri.<\/span><\/p><h2><b>Drepturi de autor<\/b><\/h2><p><span style=\"font-weight: 400;\">Con\u021binutul \u0219i lucr\u0103rile de pe aceste pagini create de operatorii site-ului sunt supuse legii germane privind drepturile de autor. Reproducerea, prelucrarea, distribuirea \u0219i orice tip de exploatare \u00een afara limitelor legii drepturilor de autor necesit\u0103 acordul scris al autorului sau creatorului respectiv. Desc\u0103rc\u0103rile \u0219i copiile acestui site sunt permise numai pentru uz privat, necomercial. \u00cen m\u0103sura \u00een care con\u021binutul acestui site nu a fost creat de operator, se respect\u0103 drepturile de autor ale ter\u021bilor. \u00cen special, con\u021binutul ter\u021bilor este marcat ca atare. \u00cen cazul \u00een care, totu\u0219i, lua\u021bi cuno\u0219tin\u021b\u0103 de o \u00eenc\u0103lcare a drepturilor de autor, v\u0103 rug\u0103m s\u0103 ne anun\u021ba\u021bi \u00een consecin\u021b\u0103. La notificarea oric\u0103ror \u00eenc\u0103lc\u0103ri, vom elimina imediat con\u021binutul respectiv.<\/span><\/p><h2><b>Protec\u021bia datelor<\/b><\/h2><p><span style=\"font-weight: 400;\">Utilizarea site-ului nostru web este, \u00een general, posibil\u0103 f\u0103r\u0103 a furniza date personale. Dac\u0103 pe site-ul nostru web se colecteaz\u0103 date personale (cum ar fi nume, adres\u0103 sau adrese de e-mail), acest lucru se face \u00eentotdeauna \u00een mod voluntar, ori de c\u00e2te ori este posibil. Aceste date nu vor fi transmise c\u0103tre ter\u021bi f\u0103r\u0103 consim\u021b\u0103m\u00e2ntul dumneavoastr\u0103 expres.<\/span><\/p><p><span style=\"font-weight: 400;\">Dorim s\u0103 subliniem c\u0103 transmiterea datelor prin internet (de exemplu, \u00een cazul comunic\u0103rii prin e-mail) poate prezenta lacune de securitate. Protec\u021bia complet\u0103 a datelor \u00eempotriva accesului de c\u0103tre ter\u021bi nu este posibil\u0103.<\/span><\/p><p><span style=\"font-weight: 400;\">Utilizarea datelor de contact publicate \u00een conformitate cu obliga\u021bia de publicare a con\u021binutului de c\u0103tre ter\u021bi pentru trimiterea de materiale publicitare \u0219i informative nesolicitate este interzis\u0103 \u00een mod expres. Operatorii site-ului web \u00ee\u0219i rezerv\u0103 \u00een mod expres dreptul de a lua m\u0103suri legale \u00een cazul trimiterii nesolicitate de informa\u021bii publicitare, de exemplu, prin e-mailuri spam.<\/span><\/p><h2><b>Google Analytics<\/b><\/h2><p><span style=\"font-weight: 400;\">Acest site web utilizeaz\u0103 Google Analytics, un serviciu de analiz\u0103 web furnizat de Google Inc. (\u201eGoogle\u201d). Google Analytics utilizeaz\u0103 a\u0219a-numitele \u201ecookie-uri\u201d, fi\u0219iere text plasate pe computerul dvs., pentru a ajuta site-ul web s\u0103 analizeze modul \u00een care utilizatorii utilizeaz\u0103 site-ul. Informa\u021biile generate de cookie despre utilizarea de c\u0103tre dvs. a site-ului web (inclusiv adresa dvs. IP) vor fi transmise c\u0103tre \u0219i stocate de Google pe servere din Statele Unite. Google va utiliza aceste informa\u021bii pentru a evalua utilizarea de c\u0103tre dvs. a site-ului web, pentru a compila rapoarte privind activitatea site-ului web pentru operatorii site-urilor web \u0219i pentru a furniza alte servicii legate de activitatea site-ului web \u0219i utilizarea internetului. De asemenea, Google poate transfera aceste informa\u021bii c\u0103tre ter\u021bi, acolo unde este impus de lege sau acolo unde ace\u0219ti ter\u021bi prelucreaz\u0103 datele \u00een numele Google. Google nu va asocia niciodat\u0103 adresa dvs. IP cu alte date de\u021binute de Google. Pute\u021bi refuza utilizarea cookie-urilor select\u00e2nd set\u0103rile corespunz\u0103toare din browserul dvs., \u00eens\u0103 re\u021bine\u021bi c\u0103, dac\u0103 face\u021bi acest lucru, este posibil s\u0103 nu pute\u021bi utiliza toate func\u021bionalit\u0103\u021bile acestui site web. Prin utilizarea acestui site web, sunte\u021bi de acord cu prelucrarea datelor despre dvs. de c\u0103tre Google \u00een modul \u0219i \u00een scopurile men\u021bionate mai sus.<\/span><\/p>\t\t\t\t\t\t\t\t<\/div>\n\t\t\t\t<\/div>\n\t\t\t\t\t<\/div>\n\t\t\t\t<\/div>\n\t\t\t\t<\/div>\n\t\t","protected":false},"excerpt":{"rendered":"<p>Informa\u021bii conform \u00a7 5 TMG Gerex GmbH Kurf\u00fcrstendamm 194 10707 Berlin info@gerex-gmbh.de Reprezentat de: Daniela Caraiman Intrare \u00een registru: \u00cenregistrare<\/p>\n","protected":false},"author":1,"featured_media":0,"parent":0,"menu_order":0,"comment_status":"closed","ping_status":"closed","template":"","meta":{"footnotes":""},"class_list":["post-2125","page","type-page","status-publish","hentry"],"_links":{"self":[{"href":"http:\/\/baraboi-winehouse.com\/ro\/wp-json\/wp\/v2\/pages\/2125","targetHints":{"allow":["GET"]}}],"collection":[{"href":"http:\/\/baraboi-winehouse.com\/ro\/wp-json\/wp\/v2\/pages"}],"about":[{"href":"http:\/\/baraboi-winehouse.com\/ro\/wp-json\/wp\/v2\/types\/page"}],"author":[{"embeddable":true,"href":"http:\/\/baraboi-winehouse.com\/ro\/wp-json\/wp\/v2\/users\/1"}],"replies":[{"embeddable":true,"href":"http:\/\/baraboi-winehouse.com\/ro\/wp-json\/wp\/v2\/comments?post=2125"}],"version-history":[{"count":0,"href":"http:\/\/baraboi-winehouse.com\/ro\/wp-json\/wp\/v2\/pages\/2125\/revisions"}],"wp:attachment":[{"href":"http:\/\/baraboi-winehouse.com\/ro\/wp-json\/wp\/v2\/media?parent=2125"}],"curies":[{"name":"wp","href":"https:\/\/api.w.org\/{rel}","templated":true}]}}