{"id":2137,"date":"2025-06-05T09:14:23","date_gmt":"2025-06-05T09:14:23","guid":{"rendered":"https:\/\/baraboi-winehouse.com\/?page_id=2137"},"modified":"2025-06-05T09:58:50","modified_gmt":"2025-06-05T09:58:50","slug":"termeni-si-conditii","status":"publish","type":"page","link":"http:\/\/baraboi-winehouse.com\/ro\/termeni-si-conditii\/","title":{"rendered":"Termeni \u0219i Condi\u021bii"},"content":{"rendered":"\t\t<div data-elementor-type=\"wp-page\" data-elementor-id=\"2137\" class=\"elementor elementor-2137\" data-elementor-post-type=\"page\">\n\t\t\t\t<div class=\"wd-negative-gap elementor-element elementor-element-612a2e89 e-flex e-con-boxed e-con e-parent\" data-id=\"612a2e89\" data-element_type=\"container\">\n\t\t\t\t\t<div class=\"e-con-inner\">\n\t\t\t\t<div class=\"elementor-element elementor-element-5aa7ece7 color-scheme-inherit text-left elementor-widget elementor-widget-text-editor\" data-id=\"5aa7ece7\" data-element_type=\"widget\" data-widget_type=\"text-editor.default\">\n\t\t\t\t<div class=\"elementor-widget-container\">\n\t\t\t\t\t\t\t\t\t<h2><b>1. Domeniu de aplicare<\/b><\/h2><p><span style=\"font-weight: 400;\">Urm\u0103torii termeni \u0219i condi\u021bii se aplic\u0103 tuturor comenzilor plasate prin intermediul magazinului nostru online de c\u0103tre consumatori \u0219i companii.<\/span><\/p><p><span style=\"font-weight: 400;\">Un consumator este orice persoan\u0103 fizic\u0103 care \u00eencheie o tranzac\u021bie juridic\u0103 \u00een scopuri care nu sunt predominant nici comerciale, nici profesionale independente. Un antreprenor este o persoan\u0103 fizic\u0103 sau juridic\u0103 sau un parteneriat cu capacitate juridic\u0103 care, atunci c\u00e2nd \u00eencheie o tranzac\u021bie juridic\u0103, ac\u021bioneaz\u0103 \u00een exercitarea activit\u0103\u021bii sale comerciale sau profesionale independente.<\/span><\/p><p><span style=\"font-weight: 400;\">Ace\u0219ti termeni \u0219i condi\u021bii se aplic\u0103 \u0219i viitoarelor rela\u021bii comerciale cu companii, f\u0103r\u0103 a fi nevoie s\u0103 le facem din nou referire. \u00cen cazul \u00een care compania utilizeaz\u0103 termeni \u0219i condi\u021bii generale contradictorii sau suplimentare, validitatea acestora este contrazis\u0103; acestea vor deveni parte a contractului numai dac\u0103 le-am acceptat \u00een mod expres.<\/span><\/p><h2><b>2. P\u0103r\u021bile contractante, \u00eencheierea contractului<\/b><\/h2><p><span style=\"font-weight: 400;\">Contractul de cump\u0103rare se \u00eenceheie cu Gerex GmbH, Kurf\u00fcrstendamm 194, 10707 Berlin, Germania.<\/span><\/p><p><span style=\"font-weight: 400;\">Prin plasarea produselor \u00een magazinul nostru online, v\u0103 facem o ofert\u0103 obligatorie pentru a \u00eenceheia un contract pentru aceste articole. Pute\u021bi ini\u021bial s\u0103 plasa\u021bi produsele noastre \u00een co\u0219ul de cump\u0103r\u0103turi f\u0103r\u0103 obliga\u021bii \u0219i s\u0103 corecta\u021bi intr\u0103rile \u00een orice moment \u00eenainte de a trimite comanda obligatorie, utiliz\u00e2nd instrumentele de corec\u021bie furnizate \u0219i explicate \u00een timpul procesului de comand\u0103. Contractul este \u00eencehiat atunci c\u00e2nd accepta\u021bi oferta pentru bunurile con\u021binute \u00een co\u0219ul de cump\u0103r\u0103turi f\u0103c\u00e2nd clic pe butonul de comand\u0103. Imediat dup\u0103 plasarea comenzii, ve\u021bi primi o alt\u0103 confirmare prin e-mail.<\/span><\/p><h2><b>3. Limba contractului, stocarea textului contractului<\/b><\/h2><p><span style=\"font-weight: 400;\">Limba disponibil\u0103 pentru \u00eenceheierea contractului este limba german\u0103.<\/span><\/p><p><span style=\"font-weight: 400;\">Salv\u0103m textul contractului \u0219i v\u0103 trimitem detaliile comenzii \u0219i Termenii \u0219i Condi\u021biile noastre Generale prin e-mail. Pute\u021bi vizualiza textul contractului \u00een sec\u021biunea noastr\u0103 de autentificare pentru clien\u021bi.<\/span><\/p><h2><b>4. Condi\u021bii de livrare<\/b><\/h2><p><span style=\"font-weight: 400;\">Costurile de livrare se adaug\u0103 la pre\u021burile produselor afi\u0219ate. Pute\u021bi g\u0103si mai multe informa\u021bii despre costurile de livrare \u00een ofertele individuale. Livr\u0103rile sunt efectuate prin DHL. Pentru comenzile de peste 99 EUR, livrarea este gratuit\u0103.<\/span><\/p><p><span style=\"font-weight: 400;\">Nu exist\u0103 posibilitatea ridic\u0103rii produselor dintr-un punct fizic.<\/span><\/p><h2><b>5. Pl\u0103\u021bi<\/b><\/h2><p><span style=\"font-weight: 400;\">\u00cen magazinul nostru pute\u021bi utiliza, \u00een general, urm\u0103toarele metode de plat\u0103:<\/span><\/p><ul><li><strong><span style=\"color: #000000;\">Plata \u00een avans<\/span><\/strong><\/li><\/ul><p><span style=\"font-weight: 400;\">Dac\u0103 alege\u021bi s\u0103 pl\u0103ti\u021bi \u00een avans, v\u0103 vom trimite datele noastre bancare \u00eentr-un e-mail separat \u0219i vom livra bunurile dup\u0103 primirea pl\u0103\u021bii.<\/span><\/p><ul><li aria-level=\"1\"><span style=\"color: #000000;\"><b>Card de credit<\/b><\/span><\/li><\/ul><p><span style=\"font-weight: 400;\">C\u00e2nd plasa\u021bi comanda, ne ve\u021bi furniza simultan informa\u021biile cardului dvs. de credit. Dup\u0103 ce v-a\u021bi verificat identitatea ca titular legitim al cardului, vom solicita companiei cardului dvs. de credit s\u0103 ini\u021bieze tranzac\u021bia de plat\u0103 imediat dup\u0103 plasarea comenzii. Tranzac\u021bia de plat\u0103 va fi procesat\u0103 automat de c\u0103tre compania cardului de credit, iar cardul dvs. va fi debitat.<\/span><\/p><ul><li aria-level=\"1\"><span style=\"color: #000000;\"><b>PayPal Expr<\/b><b>ess<\/b><\/span><\/li><\/ul><p><span style=\"font-weight: 400;\">\u00cen timpul procesului de comand\u0103, ve\u021bi fi redirec\u021bionat c\u0103tre site-ul web al furnizorului online PayPal. Pentru a pl\u0103ti suma facturii prin PayPal, trebuie s\u0103 fi\u021bi \u00eenregistrat acolo sau s\u0103 v\u0103 \u00eenregistra\u021bi mai \u00eent\u00e2i, s\u0103 v\u0103 autentifica\u021bi cu datele de conectare \u0219i s\u0103 ne confirma\u021bi instruc\u021biunile de plat\u0103. Dup\u0103 plasarea comenzii \u00een magazin, vom solicita PayPal s\u0103 ini\u021bieze tranzac\u021bia de plat\u0103.<\/span><\/p><ul><li aria-level=\"1\"><span style=\"color: #000000;\"><b>PayPal Plus<\/b><\/span><\/li><\/ul><p><span style=\"font-weight: 400;\">Ca parte a serviciului de plat\u0103 PayPal Plus, v\u0103 oferim diverse metode de plat\u0103 sub form\u0103 de servicii PayPal. Ve\u021bi fi redirec\u021bionat c\u0103tre site-ul web al furnizorului online PayPal. Acolo pute\u021bi introduce detaliile dvs. de plat\u0103, confirma utilizarea datelor dvs. de c\u0103tre PayPal \u0219i instruc\u021biunile de plat\u0103 c\u0103tre PayPal.<\/span><\/p><p><span style=\"font-weight: 400;\">Dac\u0103 a\u021bi ales PayPal ca metod\u0103 de plat\u0103, trebuie s\u0103 fi\u021bi \u00eenregistrat la PayPal sau s\u0103 v\u0103 \u00eenregistra\u021bi mai \u00eent\u00e2i \u0219i s\u0103 v\u0103 identifica\u021bi cu datele dvs. de acces pentru a putea pl\u0103ti suma facturii. Tranzac\u021bia de plat\u0103 va fi efectuat\u0103 automat de PayPal imediat dup\u0103 confirmarea ordinului de plat\u0103. Ve\u021bi primi informa\u021bii suplimentare \u00een timpul procesului de comand\u0103.<\/span><\/p><p><span style=\"font-weight: 400;\">Dac\u0103 a\u021bi ales debitarea direct\u0103 ca metod\u0103 de plat\u0103 , nu trebuie s\u0103 fi\u021bi \u00eenregistrat la PayPal pentru a pl\u0103ti suma facturii. Prin confirmarea ordinului de plat\u0103, acorda\u021bi PayPal un mandat de debitare direct\u0103. PayPal v\u0103 va informa cu privire la data la care va fi debitat contul dvs. (a\u0219a-numita pre-notificare). Prin trimiterea mandatului de debitare direct\u0103 imediat dup\u0103 confirmarea ordinului de plat\u0103, PayPal va instrui banca sa s\u0103 ini\u021bieze tranzac\u021bia de plat\u0103. Tranzac\u021bia de plat\u0103 va fi efectuat\u0103 \u0219i contul dvs. va fi debitat. Ve\u021bi primi informa\u021bii suplimentare \u00een timpul procesului de comand\u0103. Dac\u0103 a\u021bi ales s\u0103 pl\u0103ti\u021bi prin factur\u0103, nu este nevoie s\u0103 fi\u021bi \u00eenregistrat la PayPal pentru a pl\u0103ti suma facturii. Dup\u0103 o verificare cu succes a adresei \u0219i a creditului \u0219i plasarea comenzii, cesion\u0103m crean\u021ba noastr\u0103 c\u0103tre PayPal. \u00cen acest caz, pute\u021bi pl\u0103ti c\u0103tre PayPal doar cu efect de anulare a datoriilor. Termenii \u0219i condi\u021biile \u0219i Politica de confiden\u021bialitate PayPal se aplic\u0103 proces\u0103rii pl\u0103\u021bilor prin PayPal &#8211; pe l\u00e2ng\u0103 Termenii \u0219i condi\u021biile noastre. Informa\u021bii suplimentare \u0219i Termenii \u0219i condi\u021biile complete PayPal pentru achizi\u021bionarea pe cont pot fi g\u0103site aici: <\/span><a href=\"https:\/\/www.paypal.com\/de\/webapps\/mpp\/ua\/pui-terms?locale.x=de_DE\"><span style=\"font-weight: 400;\">https:\/\/www.paypal.com\/de\/webapps\/mpp\/ua\/pui-terms?locale.x=de_DE<\/span><\/a><span style=\"font-weight: 400;\"> .\u00a0<\/span><\/p><ul><li aria-level=\"1\"><span style=\"color: #000000;\"><b>Sofort<\/b><\/span><\/li><\/ul><p><span style=\"font-weight: 400;\">Dup\u0103 plasarea comenzii, ve\u021bi fi redirec\u021bionat c\u0103tre site-ul web al furnizorului online Sofort GmbH. Pentru a pl\u0103ti suma facturii prin Sofort, trebuie s\u0103 ave\u021bi un cont bancar online activat pentru participarea la Sofort cu o procedur\u0103 PIN\/TAN, s\u0103 v\u0103 verifica\u021bi identitatea \u0219i s\u0103 ne confirma\u021bi instruc\u021biunile de plat\u0103. Ve\u021bi primi informa\u021bii suplimentare \u00een timpul procesului de comand\u0103. Sofort va procesa tranzac\u021bia de plat\u0103 imediat dup\u0103 aceea, iar contul dumneavoastr\u0103 va fi debitat.<\/span><\/p><ul><li aria-level=\"1\"><span style=\"color: #000000;\"><b>Amazon Pay<\/b><\/span><\/li><\/ul><p><span style=\"font-weight: 400;\">\u00cen timpul procesului de comand\u0103, ve\u021bi fi redirec\u021bionat c\u0103tre site-ul web al furnizorului online Amazon \u00eenainte de a finaliza procesul de comand\u0103 \u00een magazinul nostru online. Pentru a procesa comanda prin Amazon \u0219i a pl\u0103ti suma facturii, trebuie s\u0103 fi\u021bi \u00eenregistrat acolo sau s\u0103 v\u0103 \u00eenregistra\u021bi mai \u00eent\u00e2i \u0219i s\u0103 v\u0103 autentifica\u021bi cu datele dvs. de conectare. Acolo pute\u021bi selecta adresa de livrare \u0219i metoda de plat\u0103 stocate de Amazon, pute\u021bi confirma utilizarea datelor dvs. de c\u0103tre Amazon \u0219i instruc\u021biunile de plat\u0103 c\u0103tre noi. Ve\u021bi fi apoi redirec\u021bionat \u00eenapoi c\u0103tre magazinul nostru online, unde pute\u021bi finaliza procesul de comand\u0103.<\/span><\/p><p><span style=\"font-weight: 400;\">Imediat dup\u0103 comand\u0103, solicit\u0103m Amazon s\u0103 ini\u021bieze tranzac\u021bia de plat\u0103. Tranzac\u021bia de plat\u0103 este efectuat\u0103 automat de Amazon. Ve\u021bi primi informa\u021bii suplimentare \u00een timpul procesului de comand\u0103.<\/span><\/p><ul><li aria-level=\"1\"><span style=\"color: #000000;\"><b>Pl\u0103\u021b\u0103 \u00een numerar la \u00eencasare<\/b><\/span><\/li><\/ul><p><span style=\"font-weight: 400;\">Pl\u0103ti\u021bi suma facturii \u00een numerar la \u00eencasare.<\/span><\/p><h2><span style=\"color: #000000;\"><b>6. Rezerva dreptului de proprietate<\/b><\/span><\/h2><p><span style=\"font-weight: 400;\">Bunurile r\u0103m\u00e2n proprietatea noastr\u0103 p\u00e2n\u0103 la efectuarea pl\u0103\u021bii integrale. Urm\u0103toarele se aplic\u0103 suplimentar antreprenorilor: Ne p\u0103str\u0103m dreptul de proprietate asupra bunurilor p\u00e2n\u0103 la solu\u021bionarea integral\u0103 a tuturor crean\u021belor care decurg dintr-o rela\u021bie comercial\u0103 \u00een curs. Pute\u021bi revinde bunurile rezervate \u00een cursul normal al afacerii; ne cesiona\u021bi \u00een avans toate crean\u021bele care decurg din aceast\u0103 rev\u00e2nzare \u2013 indiferent dac\u0103 bunurile rezervate sunt combinate sau amestecate cu un articol nou \u2013 \u00een cuantumul sumei facturii, iar noi accept\u0103m aceast\u0103 cesiune. R\u0103m\u00e2ne\u021bi autorizat s\u0103 colecta\u021bi crean\u021bele; cu toate acestea, putem colecta \u0219i noi crean\u021bele dac\u0103 nu v\u0103 \u00eendeplini\u021bi obliga\u021biile de plat\u0103.<\/span><\/p><h2><b>7. Daune la transport<\/b><\/h2><p><span style=\"color: #000000;\"><b>Urm\u0103toarele se aplic\u0103 consumatorilor:<\/b><\/span><\/p><p><span style=\"font-weight: 400;\">Dac\u0103 bunurile sunt livrate cu daune evidente de transport, v\u0103 rug\u0103m s\u0103 raporta\u021bi aceste defecte persoanei de livrare c\u00e2t mai cur\u00e2nd posibil \u0219i s\u0103 ne contacta\u021bi imediat. Nedepunerea unei reclama\u021bii sau necontactarea noastr\u0103 nu va avea nicio consecin\u021b\u0103 asupra drepturilor dumneavoastr\u0103 legale \u0219i a exercit\u0103rii acestora, \u00een special asupra drepturilor dumneavoastr\u0103 de garan\u021bie. Cu toate acestea, ne ve\u021bi ajuta s\u0103 ne revendic\u0103m propriile preten\u021bii \u00eempotriva transportatorului de m\u0103rfuri sau a asigur\u0103rii de transport.<\/span><\/p><p><span style=\"color: #000000;\"><b>Pentru antreprenori:<\/b><\/span><\/p><p><span style=\"font-weight: 400;\">Riscul de pierdere accidental\u0103 \u0219i deteriorare accidental\u0103 v\u0103 este transferat imediat ce am livrat articolul expeditorului de m\u0103rfuri, transportatorului sau altei persoane sau institu\u021bii desemnate s\u0103 efectueze transportul. Pentru comercian\u021bi, se aplic\u0103 obliga\u021bia de a inspecta \u0219i de a notifica defectele prev\u0103zut\u0103 \u00een articolul 377 din Codul Comercial German (HGB). Dac\u0103 nu furniza\u021bi notificarea prev\u0103zut\u0103 \u00een acesta, m\u0103rfurile se consider\u0103 acceptate, cu excep\u021bia cazului \u00een care defectul nu a fost detectabil la inspec\u021bie. Acest lucru nu se aplic\u0103 dac\u0103 am ascuns \u00een mod fraudulos un defect.<\/span><\/p><h2><b>8. Garan\u021bie \u0219i garan\u021bii<\/b><\/h2><p><span style=\"font-weight: 400;\">Cu excep\u021bia cazului \u00een care se convine altfel \u00een mod expres \u00een cele ce urmeaz\u0103, se aplic\u0103 legea privind garan\u021bia. Pentru consumatori, termenul de prescrip\u021bie pentru reclama\u021biile privind defectele bunurilor folosite este de un an de la livrarea bunurilor.<\/span><\/p><p><span style=\"font-weight: 400;\">Pentru companii, termenul de prescrip\u021bie pentru reclama\u021biile privind defectele este de un an de la transferul riscului; termenele de prescrip\u021bie legale pentru reclama\u021biile privind regresul \u00een temeiul articolului 478 din Codul Civil German (BGB) r\u0103m\u00e2n neafectate.<\/span><\/p><p><span style=\"font-weight: 400;\">\u00cen cazul companiilor, numai informa\u021biile noastre proprii \u0219i descrierile produselor produc\u0103torului incluse \u00een contract vor fi considerate a constitui un acord privind calitatea bunurilor; nu ne asum\u0103m nicio r\u0103spundere pentru declara\u021biile publice f\u0103cute de produc\u0103tor sau alte declara\u021bii publicitare.<\/span><\/p><p><span style=\"font-weight: 400;\">Dac\u0103 articolul livrat este defect, vom oferi ini\u021bial o garan\u021bie companiilor, la discre\u021bia noastr\u0103, prin remedierea defectului (repara\u021bie) sau prin livrarea unui articol f\u0103r\u0103 defecte (livrare de \u00eenlocuire).<\/span><\/p><p><span style=\"font-weight: 400;\">Limit\u0103rile \u0219i termenele scurtate de mai sus nu se aplic\u0103 reclama\u021biilor bazate pe daune cauzate de noi, de reprezentan\u021bii no\u0219tri legali sau de agen\u021bii no\u0219tri.<\/span><\/p><ul><li style=\"font-weight: 400;\" aria-level=\"1\"><span style=\"font-weight: 400;\">\u00een caz de v\u0103t\u0103mare a vie\u021bii, corpului sau s\u0103n\u0103t\u0103\u021bii<\/span><\/li><li style=\"font-weight: 400;\" aria-level=\"1\"><span style=\"font-weight: 400;\">\u00een caz de \u00eenc\u0103lcare inten\u021bionat\u0103 sau din neglijen\u021b\u0103 grav\u0103 a obliga\u021biilor \u0219i inten\u021bie frauduloas\u0103<\/span><\/li><li style=\"font-weight: 400;\" aria-level=\"1\"><span style=\"font-weight: 400;\">\u00een cazul \u00eenc\u0103lc\u0103rii obliga\u021biilor contractuale esen\u021biale, a c\u0103ror \u00eendeplinire este esen\u021bial\u0103 pentru executarea corect\u0103 a contractului \u0219i pe a c\u0103ror respectare partenerul contractual se poate baza \u00een mod regulat (obliga\u021bii cardinale)<\/span><\/li><li style=\"font-weight: 400;\" aria-level=\"1\"><span style=\"font-weight: 400;\">\u00een cadrul unei promisiuni de garan\u021bie, dac\u0103 s-a convenit asupra acesteia<\/span><\/li><li style=\"font-weight: 400;\" aria-level=\"1\"><span style=\"font-weight: 400;\">\u00een m\u0103sura \u00een care domeniul de aplicare al Legii privind r\u0103spunderea pentru produse este deschis.<\/span><\/li><\/ul><p><span style=\"font-weight: 400;\">Informa\u021bii despre orice garan\u021bii suplimentare care se pot aplica \u0219i termenii \u0219i condi\u021biile exacte ale acestora pot fi g\u0103site odat\u0103 cu produsul \u0219i pe paginile cu informa\u021bii speciale din magazinul online.<\/span><\/p><h2><b>9. R\u0103spundere<\/b><\/h2><p><span style=\"font-weight: 400;\">Suntem \u00eentotdeauna r\u0103spunz\u0103tori, f\u0103r\u0103 limitare, pentru preten\u021biile bazate pe daune cauzate de noi, reprezentan\u021bii no\u0219tri legali sau agen\u021bii no\u0219tri.<\/span><\/p><ul><li style=\"font-weight: 400;\" aria-level=\"1\"><span style=\"font-weight: 400;\">\u00een caz de v\u0103t\u0103mare a vie\u021bii, integrit\u0103\u021bii fizice sau s\u0103n\u0103t\u0103\u021bii,<\/span><\/li><li style=\"font-weight: 400;\" aria-level=\"1\"><span style=\"font-weight: 400;\">\u00een cazul \u00eenc\u0103lc\u0103rii inten\u021bionate sau din neglijen\u021b\u0103 grav\u0103 a obliga\u021biilor,<\/span><\/li><li style=\"font-weight: 400;\" aria-level=\"1\"><span style=\"font-weight: 400;\">\u00een cazul promisiunilor de garan\u021bie, dac\u0103 s-a convenit asupra acestora, sau<\/span><\/li><li style=\"font-weight: 400;\" aria-level=\"1\"><span style=\"font-weight: 400;\">\u00een m\u0103sura \u00een care domeniul de aplicare al Legii privind r\u0103spunderea pentru produse este deschis.<\/span><\/li><\/ul><p><span style=\"font-weight: 400;\">\u00cen cazul \u00eenc\u0103lc\u0103rii obliga\u021biilor contractuale esen\u021biale, a c\u0103ror \u00eendeplinire este esen\u021bial\u0103 pentru executarea corect\u0103 a contractului \u0219i pe a c\u0103ror respectare partenerul contractual se poate baza \u00een mod regulat (obliga\u021bii cardinale), din cauza unei neglijen\u021be u\u0219oare din partea noastr\u0103, a reprezentan\u021bilor no\u0219tri legali sau a agen\u021bilor no\u0219tri vicari, r\u0103spunderea este limitat\u0103 la daunele previzibile la momentul \u00eencheierii contractului \u0219i a c\u0103ror producere trebuie, \u00een mod normal, s\u0103 fie a\u0219teptat\u0103. \u00cen caz contrar, preten\u021biile de daune-interese sunt excluse.<\/span><\/p><h2><b>10. Solu\u021bionarea litigiilor<\/b><\/h2><p><span style=\"font-weight: 400;\">Comisia European\u0103 ofer\u0103 o platform\u0103 pentru solu\u021bionarea online a litigiilor (ODR), care poate fi g\u0103sit\u0103 aici: <\/span><a href=\"https:\/\/ec.europa.eu\/consumers\/odr\/\"><span style=\"font-weight: 400;\">https:\/\/ec.europa.eu\/consumers\/odr\/<\/span><\/a><span style=\"font-weight: 400;\"> . Suntem dispu\u0219i s\u0103 particip\u0103m la o procedur\u0103 de solu\u021bionare extrajudiciar\u0103 a litigiilor \u00een fa\u021ba unui consiliu de arbitraj pentru consumatori. Organismul responsabil este Consiliul General de Arbitraj pentru Consumatori al Centrului pentru Arbitraj eV, Stra\u00dfburger Stra\u00dfe 8, 77694 Kehl am Rhein, <\/span><a href=\"http:\/\/www.verbraucher-schlichter.de\"><span style=\"font-weight: 400;\">www.verbraucher-schlichter.de<\/span><\/a><span style=\"font-weight: 400;\"> .<\/span><\/p><h2><b>11. Protec\u021bia minorilor<\/b><\/h2><p><span style=\"font-weight: 400;\">Dac\u0103 comanda dumneavoastr\u0103 include bunuri a c\u0103ror v\u00e2nzare este supus\u0103 unor restric\u021bii de v\u00e2rst\u0103, ne asigur\u0103m c\u0103 respectivul cump\u0103r\u0103tor a atins v\u00e2rsta minim\u0103 necesar\u0103 utiliz\u00e2nd o procedur\u0103 fiabil\u0103 care include verificarea identit\u0103\u021bii personale \u0219i a v\u00e2rstei. Livratorul va preda bunurile numai dup\u0103 finalizarea verific\u0103rii v\u00e2rstei \u0219i numai cump\u0103r\u0103torului \u00een persoan\u0103.<\/span><\/p><h2><b>12. Dispozi\u021bii finale<\/b><\/h2><p><span style=\"font-weight: 400;\">Dac\u0103 sunte\u021bi o companie, se aplic\u0103 legisla\u021bia german\u0103, cu excluderea Conven\u021biei ONU privind v\u00e2nz\u0103rile de bunuri.<\/span><\/p><p><span style=\"font-weight: 400;\">Dac\u0103 sunte\u021bi un \u201eKaufmann\u201d \u00een sensul Codului Comercial German (HGB), o persoan\u0103 juridic\u0103 de drept public sau un fond special de drept public, competen\u021ba juridic\u0103 exclusiv\u0103 pentru toate litigiile care decurg din rela\u021biile contractuale dintre noi \u0219i dumneavoastr\u0103 este sediul nostru social: Berlin, Germania.<\/span><\/p><p><span style=\"font-weight: 400;\">Date companie: Gerex GmbH Kurf\u00fcrstendamm 194 10707 Berlin info@gerex-gmbh.de<\/span><\/p><p><span style=\"font-weight: 400;\">Amtsgericht: Berlin Charlottenburg HRB 236510 B Steuer-Nr.: 27\/305\/50150 GF: Daniela Caraiman<\/span><\/p><p><span style=\"font-weight: 400;\">Bank: Berliner Volksbank IBAN: DE27 1009 0000 2891 1120 01 BIC: BEVODEBBXXX<\/span><\/p><p><span style=\"font-weight: 400;\">Status: 03.06.2025<\/span><\/p>\t\t\t\t\t\t\t\t<\/div>\n\t\t\t\t<\/div>\n\t\t\t\t\t<\/div>\n\t\t\t\t<\/div>\n\t\t\t\t<\/div>\n\t\t","protected":false},"excerpt":{"rendered":"<p>1. Domeniu de aplicare Urm\u0103torii termeni \u0219i condi\u021bii se aplic\u0103 tuturor comenzilor plasate prin intermediul magazinului nostru online de c\u0103tre<\/p>\n","protected":false},"author":1,"featured_media":0,"parent":0,"menu_order":0,"comment_status":"closed","ping_status":"closed","template":"","meta":{"footnotes":""},"class_list":["post-2137","page","type-page","status-publish","hentry"],"_links":{"self":[{"href":"http:\/\/baraboi-winehouse.com\/ro\/wp-json\/wp\/v2\/pages\/2137","targetHints":{"allow":["GET"]}}],"collection":[{"href":"http:\/\/baraboi-winehouse.com\/ro\/wp-json\/wp\/v2\/pages"}],"about":[{"href":"http:\/\/baraboi-winehouse.com\/ro\/wp-json\/wp\/v2\/types\/page"}],"author":[{"embeddable":true,"href":"http:\/\/baraboi-winehouse.com\/ro\/wp-json\/wp\/v2\/users\/1"}],"replies":[{"embeddable":true,"href":"http:\/\/baraboi-winehouse.com\/ro\/wp-json\/wp\/v2\/comments?post=2137"}],"version-history":[{"count":0,"href":"http:\/\/baraboi-winehouse.com\/ro\/wp-json\/wp\/v2\/pages\/2137\/revisions"}],"wp:attachment":[{"href":"http:\/\/baraboi-winehouse.com\/ro\/wp-json\/wp\/v2\/media?parent=2137"}],"curies":[{"name":"wp","href":"https:\/\/api.w.org\/{rel}","templated":true}]}}