{"id":1585,"date":"2025-02-03T13:57:35","date_gmt":"2025-02-03T13:57:35","guid":{"rendered":"http:\/\/baraboi-winehouse.com\/?post_type=product&#038;p=1585"},"modified":"2025-10-31T14:25:16","modified_gmt":"2025-10-31T14:25:16","slug":"gitana-autograf-local-variety-feteasca-regala","status":"publish","type":"product","link":"http:\/\/baraboi-winehouse.com\/ro\/shop\/alb\/gitana-autograf-local-variety-feteasca-regala\/","title":{"rendered":"Gitana Autograf Local Variety Feteasca Regal\u0103"},"content":{"rendered":"","protected":false},"excerpt":{"rendered":"<p><span style=\"font-weight: 400;\">Feteasca Regal\u0103 de la Autograf este un vin alb sec de calitate, fermec\u0103tor \u00een nuan\u021bele sale de galben-pai. Aromele delicate sunt \u00eembog\u0103\u021bite cu parfumuri de flori de salc\u00e2m \u0219i l\u0103m\u00e2ie, dulcea\u021b\u0103 de miere, ananas \u0219i grapefruit. Gustul proasp\u0103t \u0219i echilibrat, cu nuan\u021be subtile de fructe galbene, se las\u0103 admirat \u00eentr-un postgust fin. Vinul se na\u0219te din struguri Feteasc\u0103 Regal\u0103 \u0219i se contureaz\u0103 \u00eentr-o maturare atent\u0103 \u00een vase de o\u021bel, cu tehnica battonage, timp de 2-3 luni. Acest acompaniament versatil este potrivit pentru salate u\u0219oare, preparate cu pe\u0219te, carne de pas\u0103re \u0219i br\u00e2nzeturi delicate. P\u0103trunde \u00een lumea deliciilor cu fructe de mare sau \u00eenc\u00e2nt\u0103-\u021bi sim\u021burile cu o combina\u021bie dulce \u2013 panna cotta cu l\u0103m\u00e2ie. Ocup\u0103-\u021bi momentul de savurare la temperatura optim\u0103 de 12\u00b0C, pentru a te bucura \u00een plin de fine\u021bea acestui vin<\/span>.<\/p>\n<p>&nbsp;<\/p>\n<table class=\"woocommerce-product-attributes shop_attributes\" style=\"height: 369px;\" width=\"1394\" aria-label=\"Detalii produs\">\n<tbody>\n<tr class=\"woocommerce-product-attributes-item woocommerce-product-attributes-item--attribute_pa_taste\">\n<th class=\"woocommerce-product-attributes-item__label\" scope=\"row\"><strong><span class=\"wd-attr-name\"><span class=\"wd-attr-name-label\">Brand<\/span><\/span><\/strong><\/th>\n<td class=\"woocommerce-product-attributes-item__value\"><span style=\"font-weight: 400;\">Gitana<\/span><\/td>\n<\/tr>\n<tr class=\"woocommerce-product-attributes-item woocommerce-product-attributes-item--attribute_pa_taste\">\n<th class=\"woocommerce-product-attributes-item__label\" scope=\"row\"><strong><span class=\"wd-attr-name\"><span class=\"wd-attr-name-label\">An<\/span><\/span><\/strong><\/th>\n<td class=\"woocommerce-product-attributes-item__value\"><span style=\"font-weight: 400;\">2022<\/span><\/td>\n<\/tr>\n<tr class=\"woocommerce-product-attributes-item woocommerce-product-attributes-item--attribute_pa_taste\">\n<th class=\"woocommerce-product-attributes-item__label\" scope=\"row\"><strong><span class=\"wd-attr-name\"><span class=\"wd-attr-name-label\">Soi de struguri<\/span><\/span><\/strong><\/th>\n<td class=\"woocommerce-product-attributes-item__value\"><span style=\"font-weight: 400;\">Feteasca Regal\u0103<\/span><\/td>\n<\/tr>\n<tr class=\"woocommerce-product-attributes-item woocommerce-product-attributes-item--attribute_pa_taste\">\n<th class=\"woocommerce-product-attributes-item__label\" scope=\"row\"><strong><span class=\"wd-attr-name\"><span class=\"wd-attr-name-label\">Gust<\/span><\/span><\/strong><\/th>\n<td class=\"woocommerce-product-attributes-item__value\">Sec<\/td>\n<\/tr>\n<tr class=\"woocommerce-product-attributes-item woocommerce-product-attributes-item--attribute_pa_taste\">\n<th class=\"woocommerce-product-attributes-item__label\" scope=\"row\"><strong><span class=\"wd-attr-name\"><span class=\"wd-attr-name-label\">Culoare<\/span><\/span><\/strong><\/th>\n<td class=\"woocommerce-product-attributes-item__value\"><span style=\"font-weight: 400;\">Alb<\/span><\/td>\n<\/tr>\n<tr class=\"woocommerce-product-attributes-item woocommerce-product-attributes-item--attribute_pa_abv\">\n<th class=\"woocommerce-product-attributes-item__label\" scope=\"row\"><b>Procentajul de alcool<\/b><\/th>\n<td class=\"woocommerce-product-attributes-item__value\">13,5%<\/td>\n<\/tr>\n<tr class=\"woocommerce-product-attributes-item woocommerce-product-attributes-item--attribute_pa_vintage\">\n<th class=\"woocommerce-product-attributes-item__label\" scope=\"row\"><strong><span class=\"wd-attr-name\"><span class=\"wd-attr-name-label\">Regiune<\/span><\/span><\/strong><\/th>\n<td class=\"woocommerce-product-attributes-item__value\"><span style=\"font-weight: 400;\">IGP Valul lui Traian<\/span><\/td>\n<\/tr>\n<tr class=\"woocommerce-product-attributes-item woocommerce-product-attributes-item--attribute_pa_region\">\n<th class=\"woocommerce-product-attributes-item__label\" scope=\"row\"><b>\u021aar\u0103<\/b><\/th>\n<td class=\"woocommerce-product-attributes-item__value\">Moldova<\/td>\n<\/tr>\n<tr class=\"woocommerce-product-attributes-item woocommerce-product-attributes-item--attribute_pa_country\">\n<th class=\"woocommerce-product-attributes-item__label\" scope=\"row\"><b>Temperatur\u0103<\/b><\/th>\n<td class=\"woocommerce-product-attributes-item__value\">+8&#8230;+10<span style=\"font-weight: 400;\">\u00baC<\/span><\/td>\n<\/tr>\n<tr class=\"woocommerce-product-attributes-item woocommerce-product-attributes-item--attribute_pa_temperature\">\n<th class=\"woocommerce-product-attributes-item__label\" scope=\"row\"><strong>Volum<\/strong><\/th>\n<td class=\"woocommerce-product-attributes-item__value\">750ml<\/td>\n<\/tr>\n<\/tbody>\n<\/table>\n","protected":false},"featured_media":1586,"comment_status":"closed","ping_status":"closed","template":"","meta":[],"product_brand":[],"product_cat":[39],"product_tag":[],"class_list":{"0":"post-1585","1":"product","2":"type-product","3":"status-publish","4":"has-post-thumbnail","6":"product_cat-alb","8":"first","9":"instock","10":"shipping-taxable","11":"purchasable","12":"product-type-simple"},"_links":{"self":[{"href":"http:\/\/baraboi-winehouse.com\/ro\/wp-json\/wp\/v2\/product\/1585","targetHints":{"allow":["GET"]}}],"collection":[{"href":"http:\/\/baraboi-winehouse.com\/ro\/wp-json\/wp\/v2\/product"}],"about":[{"href":"http:\/\/baraboi-winehouse.com\/ro\/wp-json\/wp\/v2\/types\/product"}],"replies":[{"embeddable":true,"href":"http:\/\/baraboi-winehouse.com\/ro\/wp-json\/wp\/v2\/comments?post=1585"}],"version-history":[{"count":1,"href":"http:\/\/baraboi-winehouse.com\/ro\/wp-json\/wp\/v2\/product\/1585\/revisions"}],"predecessor-version":[{"id":2588,"href":"http:\/\/baraboi-winehouse.com\/ro\/wp-json\/wp\/v2\/product\/1585\/revisions\/2588"}],"wp:featuredmedia":[{"embeddable":true,"href":"http:\/\/baraboi-winehouse.com\/ro\/wp-json\/wp\/v2\/media\/1586"}],"wp:attachment":[{"href":"http:\/\/baraboi-winehouse.com\/ro\/wp-json\/wp\/v2\/media?parent=1585"}],"wp:term":[{"taxonomy":"product_brand","embeddable":true,"href":"http:\/\/baraboi-winehouse.com\/ro\/wp-json\/wp\/v2\/product_brand?post=1585"},{"taxonomy":"product_cat","embeddable":true,"href":"http:\/\/baraboi-winehouse.com\/ro\/wp-json\/wp\/v2\/product_cat?post=1585"},{"taxonomy":"product_tag","embeddable":true,"href":"http:\/\/baraboi-winehouse.com\/ro\/wp-json\/wp\/v2\/product_tag?post=1585"}],"curies":[{"name":"wp","href":"https:\/\/api.w.org\/{rel}","templated":true}]}}