{"id":1610,"date":"2025-02-03T14:38:05","date_gmt":"2025-02-03T14:38:05","guid":{"rendered":"http:\/\/baraboi-winehouse.com\/?post_type=product&#038;p=1610"},"modified":"2025-10-31T14:09:49","modified_gmt":"2025-10-31T14:09:49","slug":"fautor-feteasca-neagra-saperavi","status":"publish","type":"product","link":"http:\/\/baraboi-winehouse.com\/ro\/shop\/rosu\/fautor-feteasca-neagra-saperavi\/","title":{"rendered":"Fautor Feteasca Neagr\u0103 Saperavi"},"content":{"rendered":"","protected":false},"excerpt":{"rendered":"<p><span style=\"font-weight: 400;\">Un vin complex \u0219i rafinat, de culoare ro\u0219u \u00eenchis, cu nuan\u021be de violet. \u00cen arom\u0103 note de fructe negre, piper negru, lemn de cedru \u0219i ciocolat\u0103. Textura catifelat\u0103 \u0219i dens\u0103 las\u0103 o impresie pl\u0103cut\u0103 de fructe \u0219i condimente.<\/span><\/p>\n<p><span style=\"font-weight: 400;\">Postgustul are o persisten\u021b\u0103 lung\u0103 cu note de vanilie. Strugurii au fost recolta\u021bi manual de pe podgoria Romanovca din microzona vitivinicola Tigheci, raionul Leova.<\/span><\/p>\n<p><span style=\"font-weight: 400;\">Vinificarea: 10 zile \u00een vase de inox la temperaturi controlate de 25\u02daC \u2013 30\u02daC<\/span><\/p>\n<p><span style=\"font-weight: 400;\">Maturarea \u00een butoi: 8 luni \u00een butoaie din stejar francez \u0219i american.<\/span><\/p>\n<p>&nbsp;<\/p>\n<table class=\"woocommerce-product-attributes shop_attributes\" style=\"height: 369px;\" width=\"1394\" aria-label=\"Detalii produs\">\n<tbody>\n<tr class=\"woocommerce-product-attributes-item woocommerce-product-attributes-item--attribute_pa_taste\">\n<th class=\"woocommerce-product-attributes-item__label\" scope=\"row\"><strong><span class=\"wd-attr-name\"><span class=\"wd-attr-name-label\">Brand<\/span><\/span><\/strong><\/th>\n<td class=\"woocommerce-product-attributes-item__value\"><span style=\"font-weight: 400;\">Fautor<\/span><\/td>\n<\/tr>\n<tr class=\"woocommerce-product-attributes-item woocommerce-product-attributes-item--attribute_pa_taste\">\n<th class=\"woocommerce-product-attributes-item__label\" scope=\"row\"><strong><span class=\"wd-attr-name\"><span class=\"wd-attr-name-label\">An<\/span><\/span><\/strong><\/th>\n<td class=\"woocommerce-product-attributes-item__value\"><span style=\"font-weight: 400;\">2022<\/span><\/td>\n<\/tr>\n<tr class=\"woocommerce-product-attributes-item woocommerce-product-attributes-item--attribute_pa_taste\">\n<th class=\"woocommerce-product-attributes-item__label\" scope=\"row\"><strong><span class=\"wd-attr-name\"><span class=\"wd-attr-name-label\">Soi de struguri<\/span><\/span><\/strong><\/th>\n<td class=\"woocommerce-product-attributes-item__value\"><span style=\"font-weight: 400;\">Feteasca Neagr\u0103, Saperavi<\/span><\/td>\n<\/tr>\n<tr class=\"woocommerce-product-attributes-item woocommerce-product-attributes-item--attribute_pa_taste\">\n<th class=\"woocommerce-product-attributes-item__label\" scope=\"row\"><strong><span class=\"wd-attr-name\"><span class=\"wd-attr-name-label\">Gust<\/span><\/span><\/strong><\/th>\n<td class=\"woocommerce-product-attributes-item__value\">Sec<\/td>\n<\/tr>\n<tr class=\"woocommerce-product-attributes-item woocommerce-product-attributes-item--attribute_pa_taste\">\n<th class=\"woocommerce-product-attributes-item__label\" scope=\"row\"><strong><span class=\"wd-attr-name\"><span class=\"wd-attr-name-label\">Culoare<\/span><\/span><\/strong><\/th>\n<td class=\"woocommerce-product-attributes-item__value\"><span style=\"font-weight: 400;\">Ro\u0219u<\/span><\/td>\n<\/tr>\n<tr class=\"woocommerce-product-attributes-item woocommerce-product-attributes-item--attribute_pa_abv\">\n<th class=\"woocommerce-product-attributes-item__label\" scope=\"row\"><b>Procentajul de alcool<\/b><\/th>\n<td class=\"woocommerce-product-attributes-item__value\">14%<\/td>\n<\/tr>\n<tr class=\"woocommerce-product-attributes-item woocommerce-product-attributes-item--attribute_pa_vintage\">\n<th class=\"woocommerce-product-attributes-item__label\" scope=\"row\"><strong><span class=\"wd-attr-name\"><span class=\"wd-attr-name-label\">Regiune<\/span><\/span><\/strong><\/th>\n<td class=\"woocommerce-product-attributes-item__value\"><span style=\"font-weight: 400;\">IGP Valul lui Traian<\/span><\/td>\n<\/tr>\n<tr class=\"woocommerce-product-attributes-item woocommerce-product-attributes-item--attribute_pa_region\">\n<th class=\"woocommerce-product-attributes-item__label\" scope=\"row\"><b>\u021aar\u0103<\/b><\/th>\n<td class=\"woocommerce-product-attributes-item__value\">Moldova<\/td>\n<\/tr>\n<tr class=\"woocommerce-product-attributes-item woocommerce-product-attributes-item--attribute_pa_country\">\n<th class=\"woocommerce-product-attributes-item__label\" scope=\"row\"><b>Temperatur\u0103<\/b><\/th>\n<td class=\"woocommerce-product-attributes-item__value\">+15&#8230;+18<span style=\"font-weight: 400;\">\u00baC<\/span><\/td>\n<\/tr>\n<tr class=\"woocommerce-product-attributes-item woocommerce-product-attributes-item--attribute_pa_temperature\">\n<th class=\"woocommerce-product-attributes-item__label\" scope=\"row\"><strong>Volum<\/strong><\/th>\n<td class=\"woocommerce-product-attributes-item__value\">750ml<\/td>\n<\/tr>\n<\/tbody>\n<\/table>\n","protected":false},"featured_media":1611,"comment_status":"closed","ping_status":"closed","template":"","meta":[],"product_brand":[],"product_cat":[38],"product_tag":[],"class_list":{"0":"post-1610","1":"product","2":"type-product","3":"status-publish","4":"has-post-thumbnail","6":"product_cat-rosu","8":"first","9":"instock","10":"shipping-taxable","11":"purchasable","12":"product-type-simple"},"_links":{"self":[{"href":"http:\/\/baraboi-winehouse.com\/ro\/wp-json\/wp\/v2\/product\/1610","targetHints":{"allow":["GET"]}}],"collection":[{"href":"http:\/\/baraboi-winehouse.com\/ro\/wp-json\/wp\/v2\/product"}],"about":[{"href":"http:\/\/baraboi-winehouse.com\/ro\/wp-json\/wp\/v2\/types\/product"}],"replies":[{"embeddable":true,"href":"http:\/\/baraboi-winehouse.com\/ro\/wp-json\/wp\/v2\/comments?post=1610"}],"version-history":[{"count":1,"href":"http:\/\/baraboi-winehouse.com\/ro\/wp-json\/wp\/v2\/product\/1610\/revisions"}],"predecessor-version":[{"id":2580,"href":"http:\/\/baraboi-winehouse.com\/ro\/wp-json\/wp\/v2\/product\/1610\/revisions\/2580"}],"wp:featuredmedia":[{"embeddable":true,"href":"http:\/\/baraboi-winehouse.com\/ro\/wp-json\/wp\/v2\/media\/1611"}],"wp:attachment":[{"href":"http:\/\/baraboi-winehouse.com\/ro\/wp-json\/wp\/v2\/media?parent=1610"}],"wp:term":[{"taxonomy":"product_brand","embeddable":true,"href":"http:\/\/baraboi-winehouse.com\/ro\/wp-json\/wp\/v2\/product_brand?post=1610"},{"taxonomy":"product_cat","embeddable":true,"href":"http:\/\/baraboi-winehouse.com\/ro\/wp-json\/wp\/v2\/product_cat?post=1610"},{"taxonomy":"product_tag","embeddable":true,"href":"http:\/\/baraboi-winehouse.com\/ro\/wp-json\/wp\/v2\/product_tag?post=1610"}],"curies":[{"name":"wp","href":"https:\/\/api.w.org\/{rel}","templated":true}]}}