{"id":2053,"date":"2025-05-21T04:49:48","date_gmt":"2025-05-21T04:49:48","guid":{"rendered":"https:\/\/baraboi-winehouse.com\/?post_type=product&#038;p=2053"},"modified":"2025-10-31T10:41:52","modified_gmt":"2025-10-31T10:41:52","slug":"bardul-din-mircesti-fume-blanc","status":"publish","type":"product","link":"http:\/\/baraboi-winehouse.com\/ro\/shop\/alb\/bardul-din-mircesti-fume-blanc\/","title":{"rendered":"Bardul din Mirce\u0219ti Fume Blanc"},"content":{"rendered":"","protected":false},"excerpt":{"rendered":"<p><span style=\"font-weight: 400;\">Vinul are o culoare galben cu reflexe verzuii. Arome de iasomie, fagure de miere \u0219i pepene galben. Gust fructos \u0219i corpolent. Strugurii au fost cule\u0219i de pe podgoriile din satul Mircesti, din centrul Moldovei, aflate la o altitudine de 320 m. Panta \u00eendreptat\u0103 spre sud-est, cu \u00eenclina\u021bie de 12 grade. Apogeul de consum al acestui vin este deja atins \u0219i are un poten\u021bial de \u00eenvechire de minim 5 ani. Vinul a fost maturat \u201csur lie\u201d timp de 8 luni \u00een butoaie de lemn. Se recomand\u0103 asocierea culinar\u0103 cu aperitive , pe\u0219te cu cocos alb, carne de pui, pe\u0219te, fructe de mare \u0219i br\u00e2nzeturi. Se recomand\u0103 r\u0103cirea vinului, \u00eenainte de consumare.<\/span><\/p>\n<table class=\"woocommerce-product-attributes shop_attributes\" style=\"height: 369px;\" width=\"1394\" aria-label=\"Detalii produs\">\n<tbody>\n<tr class=\"woocommerce-product-attributes-item woocommerce-product-attributes-item--attribute_pa_taste\">\n<th class=\"woocommerce-product-attributes-item__label\" scope=\"row\"><strong><span class=\"wd-attr-name\"><span class=\"wd-attr-name-label\">Brand<\/span><\/span><\/strong><\/th>\n<td class=\"woocommerce-product-attributes-item__value\"><span style=\"font-weight: 400;\">Crama Mircesti<\/span><\/td>\n<\/tr>\n<tr class=\"woocommerce-product-attributes-item woocommerce-product-attributes-item--attribute_pa_taste\">\n<th class=\"woocommerce-product-attributes-item__label\" scope=\"row\"><strong><span class=\"wd-attr-name\"><span class=\"wd-attr-name-label\">An<\/span><\/span><\/strong><\/th>\n<td class=\"woocommerce-product-attributes-item__value\"><span style=\"font-weight: 400;\">2021<\/span><\/td>\n<\/tr>\n<tr class=\"woocommerce-product-attributes-item woocommerce-product-attributes-item--attribute_pa_taste\">\n<th class=\"woocommerce-product-attributes-item__label\" scope=\"row\"><strong><span class=\"wd-attr-name\"><span class=\"wd-attr-name-label\">Soi de struguri<\/span><\/span><\/strong><\/th>\n<td class=\"woocommerce-product-attributes-item__value\"><span style=\"font-weight: 400;\">Sauvignon Blanc<\/span><\/td>\n<\/tr>\n<tr class=\"woocommerce-product-attributes-item woocommerce-product-attributes-item--attribute_pa_taste\">\n<th class=\"woocommerce-product-attributes-item__label\" scope=\"row\"><strong><span class=\"wd-attr-name\"><span class=\"wd-attr-name-label\">Gust<\/span><\/span><\/strong><\/th>\n<td class=\"woocommerce-product-attributes-item__value\">Sec<\/td>\n<\/tr>\n<tr class=\"woocommerce-product-attributes-item woocommerce-product-attributes-item--attribute_pa_taste\">\n<th class=\"woocommerce-product-attributes-item__label\" scope=\"row\"><strong><span class=\"wd-attr-name\"><span class=\"wd-attr-name-label\">Culoare<\/span><\/span><\/strong><\/th>\n<td class=\"woocommerce-product-attributes-item__value\"><span style=\"font-weight: 400;\">Ro\u0219u<\/span><\/td>\n<\/tr>\n<tr class=\"woocommerce-product-attributes-item woocommerce-product-attributes-item--attribute_pa_abv\">\n<th class=\"woocommerce-product-attributes-item__label\" scope=\"row\"><b>Procentajul de alcool<\/b><\/th>\n<td class=\"woocommerce-product-attributes-item__value\">13,5%<\/td>\n<\/tr>\n<tr class=\"woocommerce-product-attributes-item woocommerce-product-attributes-item--attribute_pa_vintage\">\n<th class=\"woocommerce-product-attributes-item__label\" scope=\"row\"><strong><span class=\"wd-attr-name\"><span class=\"wd-attr-name-label\">Regiune<\/span><\/span><\/strong><\/th>\n<td class=\"woocommerce-product-attributes-item__value\"><span style=\"font-weight: 400;\">IGP Codru<\/span><\/td>\n<\/tr>\n<tr class=\"woocommerce-product-attributes-item woocommerce-product-attributes-item--attribute_pa_region\">\n<th class=\"woocommerce-product-attributes-item__label\" scope=\"row\"><b>\u021aar\u0103<\/b><\/th>\n<td class=\"woocommerce-product-attributes-item__value\">Moldova<\/td>\n<\/tr>\n<tr class=\"woocommerce-product-attributes-item woocommerce-product-attributes-item--attribute_pa_country\">\n<th class=\"woocommerce-product-attributes-item__label\" scope=\"row\"><b>Temperatur\u0103<\/b><\/th>\n<td class=\"woocommerce-product-attributes-item__value\">+8&#8230;+10<span style=\"font-weight: 400;\">\u00baC<\/span><\/td>\n<\/tr>\n<tr class=\"woocommerce-product-attributes-item woocommerce-product-attributes-item--attribute_pa_temperature\">\n<th class=\"woocommerce-product-attributes-item__label\" scope=\"row\"><strong>Volum<\/strong><\/th>\n<td class=\"woocommerce-product-attributes-item__value\">750ml<\/td>\n<\/tr>\n<\/tbody>\n<\/table>\n","protected":false},"featured_media":2054,"comment_status":"closed","ping_status":"closed","template":"","meta":[],"product_brand":[],"product_cat":[39],"product_tag":[],"class_list":{"0":"post-2053","1":"product","2":"type-product","3":"status-publish","4":"has-post-thumbnail","6":"product_cat-alb","8":"first","9":"instock","10":"shipping-taxable","11":"purchasable","12":"product-type-simple"},"_links":{"self":[{"href":"http:\/\/baraboi-winehouse.com\/ro\/wp-json\/wp\/v2\/product\/2053","targetHints":{"allow":["GET"]}}],"collection":[{"href":"http:\/\/baraboi-winehouse.com\/ro\/wp-json\/wp\/v2\/product"}],"about":[{"href":"http:\/\/baraboi-winehouse.com\/ro\/wp-json\/wp\/v2\/types\/product"}],"replies":[{"embeddable":true,"href":"http:\/\/baraboi-winehouse.com\/ro\/wp-json\/wp\/v2\/comments?post=2053"}],"version-history":[{"count":1,"href":"http:\/\/baraboi-winehouse.com\/ro\/wp-json\/wp\/v2\/product\/2053\/revisions"}],"predecessor-version":[{"id":2243,"href":"http:\/\/baraboi-winehouse.com\/ro\/wp-json\/wp\/v2\/product\/2053\/revisions\/2243"}],"wp:featuredmedia":[{"embeddable":true,"href":"http:\/\/baraboi-winehouse.com\/ro\/wp-json\/wp\/v2\/media\/2054"}],"wp:attachment":[{"href":"http:\/\/baraboi-winehouse.com\/ro\/wp-json\/wp\/v2\/media?parent=2053"}],"wp:term":[{"taxonomy":"product_brand","embeddable":true,"href":"http:\/\/baraboi-winehouse.com\/ro\/wp-json\/wp\/v2\/product_brand?post=2053"},{"taxonomy":"product_cat","embeddable":true,"href":"http:\/\/baraboi-winehouse.com\/ro\/wp-json\/wp\/v2\/product_cat?post=2053"},{"taxonomy":"product_tag","embeddable":true,"href":"http:\/\/baraboi-winehouse.com\/ro\/wp-json\/wp\/v2\/product_tag?post=2053"}],"curies":[{"name":"wp","href":"https:\/\/api.w.org\/{rel}","templated":true}]}}