{"id":2056,"date":"2025-05-21T04:51:47","date_gmt":"2025-05-21T04:51:47","guid":{"rendered":"https:\/\/baraboi-winehouse.com\/?post_type=product&#038;p=2056"},"modified":"2025-10-31T10:36:14","modified_gmt":"2025-10-31T10:36:14","slug":"bardul-din-mircesti-couvee-rouge","status":"publish","type":"product","link":"http:\/\/baraboi-winehouse.com\/ro\/shop\/rosu\/bardul-din-mircesti-couvee-rouge\/","title":{"rendered":"Bardul din Mircesti Couvee Rouge"},"content":{"rendered":"","protected":false},"excerpt":{"rendered":"<p><span style=\"font-weight: 400;\">Vin ro\u0219u sec, cupaj din dou\u0103 soiuri deosebite de struguri. Soil autohton Cabernet Sauvignon cu o propor\u021bie de 56%, acompaniat de soiul georgian Saperavi cu 44 %. Vinul are o culoare ro\u0219iu-rubinie intens\u0103. Se recomand\u0103 consumarea din pahare de timp Bordeaux. Arome de cire\u0219e negre, coac\u0103z\u0103, mure, trufe \u0219i piper. Gust fructat, condimentat, mirodenii dulci \u0219i ciocolat\u0103 neagr\u0103. Strugurii au fost cule\u0219i de pe podgoriile din satul Mircesti, din centrul Moldovei. Mustul a fost fermentat 30 zile in cuve deschise. Cupajul a fost \u021binut timp de 24 luni \u00een baricuri noi de stejar. Apogeul de consum al acestui vin este deja atins \u0219i are un poten\u021bial de \u00eenvechire de minim 10 ani. Se recomand\u0103 asocierea culinar\u0103 cu carne de miel, preparate v\u00e2n\u0103tore\u0219ti, steak de vit\u0103, mezeluri condimentate, br\u00e2nzeturi.\u00a0 Se recomand\u0103 decantarea vinului \u00eenainte de consumare.<\/span><\/p>\n<table class=\"woocommerce-product-attributes shop_attributes\" style=\"height: 369px;\" width=\"1394\" aria-label=\"Detalii produs\">\n<tbody>\n<tr class=\"woocommerce-product-attributes-item woocommerce-product-attributes-item--attribute_pa_taste\">\n<th class=\"woocommerce-product-attributes-item__label\" scope=\"row\"><strong><span class=\"wd-attr-name\"><span class=\"wd-attr-name-label\">Brand<\/span><\/span><\/strong><\/th>\n<td class=\"woocommerce-product-attributes-item__value\"><span style=\"font-weight: 400;\">Crama Mircesti<\/span><\/td>\n<\/tr>\n<tr class=\"woocommerce-product-attributes-item woocommerce-product-attributes-item--attribute_pa_taste\">\n<th class=\"woocommerce-product-attributes-item__label\" scope=\"row\"><strong><span class=\"wd-attr-name\"><span class=\"wd-attr-name-label\">An<\/span><\/span><\/strong><\/th>\n<td class=\"woocommerce-product-attributes-item__value\"><span style=\"font-weight: 400;\">2022<\/span><\/td>\n<\/tr>\n<tr class=\"woocommerce-product-attributes-item woocommerce-product-attributes-item--attribute_pa_taste\">\n<th class=\"woocommerce-product-attributes-item__label\" scope=\"row\"><strong><span class=\"wd-attr-name\"><span class=\"wd-attr-name-label\">Medalii<\/span><\/span><\/strong><\/th>\n<td class=\"woocommerce-product-attributes-item__value\"><span style=\"font-weight: 400;\">Silver MUNDUS VINI \u2013 Grand International Wine Award<\/span><\/td>\n<\/tr>\n<tr class=\"woocommerce-product-attributes-item woocommerce-product-attributes-item--attribute_pa_taste\">\n<th class=\"woocommerce-product-attributes-item__label\" scope=\"row\"><strong><span class=\"wd-attr-name\"><span class=\"wd-attr-name-label\">Soi de struguri<\/span><\/span><\/strong><\/th>\n<td class=\"woocommerce-product-attributes-item__value\"><span style=\"font-weight: 400;\">Cabernet-Sauvignon, Saperavi<\/span><\/td>\n<\/tr>\n<tr class=\"woocommerce-product-attributes-item woocommerce-product-attributes-item--attribute_pa_taste\">\n<th class=\"woocommerce-product-attributes-item__label\" scope=\"row\"><strong><span class=\"wd-attr-name\"><span class=\"wd-attr-name-label\">Gust<\/span><\/span><\/strong><\/th>\n<td class=\"woocommerce-product-attributes-item__value\">Sec<\/td>\n<\/tr>\n<tr class=\"woocommerce-product-attributes-item woocommerce-product-attributes-item--attribute_pa_taste\">\n<th class=\"woocommerce-product-attributes-item__label\" scope=\"row\"><strong><span class=\"wd-attr-name\"><span class=\"wd-attr-name-label\">Culoare<\/span><\/span><\/strong><\/th>\n<td class=\"woocommerce-product-attributes-item__value\"><span style=\"font-weight: 400;\">Ro\u0219u<\/span><\/td>\n<\/tr>\n<tr class=\"woocommerce-product-attributes-item woocommerce-product-attributes-item--attribute_pa_abv\">\n<th class=\"woocommerce-product-attributes-item__label\" scope=\"row\"><b>Procentajul de alcool<\/b><\/th>\n<td class=\"woocommerce-product-attributes-item__value\">15%<\/td>\n<\/tr>\n<tr class=\"woocommerce-product-attributes-item woocommerce-product-attributes-item--attribute_pa_vintage\">\n<th class=\"woocommerce-product-attributes-item__label\" scope=\"row\"><strong><span class=\"wd-attr-name\"><span class=\"wd-attr-name-label\">Regiune<\/span><\/span><\/strong><\/th>\n<td class=\"woocommerce-product-attributes-item__value\"><span style=\"font-weight: 400;\">IGP Codru<\/span><\/td>\n<\/tr>\n<tr class=\"woocommerce-product-attributes-item woocommerce-product-attributes-item--attribute_pa_region\">\n<th class=\"woocommerce-product-attributes-item__label\" scope=\"row\"><b>\u021aar\u0103<\/b><\/th>\n<td class=\"woocommerce-product-attributes-item__value\">Moldova<\/td>\n<\/tr>\n<tr class=\"woocommerce-product-attributes-item woocommerce-product-attributes-item--attribute_pa_country\">\n<th class=\"woocommerce-product-attributes-item__label\" scope=\"row\"><b>Temperatur\u0103<\/b><\/th>\n<td class=\"woocommerce-product-attributes-item__value\">+14&#8230;+16<span style=\"font-weight: 400;\">\u00baC<\/span><\/td>\n<\/tr>\n<tr class=\"woocommerce-product-attributes-item woocommerce-product-attributes-item--attribute_pa_temperature\">\n<th class=\"woocommerce-product-attributes-item__label\" scope=\"row\"><strong>Volum<\/strong><\/th>\n<td class=\"woocommerce-product-attributes-item__value\">750ml<\/td>\n<\/tr>\n<\/tbody>\n<\/table>\n","protected":false},"featured_media":2057,"comment_status":"closed","ping_status":"closed","template":"","meta":[],"product_brand":[],"product_cat":[38],"product_tag":[],"class_list":{"0":"post-2056","1":"product","2":"type-product","3":"status-publish","4":"has-post-thumbnail","6":"product_cat-rosu","8":"first","9":"instock","10":"shipping-taxable","11":"purchasable","12":"product-type-simple"},"_links":{"self":[{"href":"http:\/\/baraboi-winehouse.com\/ro\/wp-json\/wp\/v2\/product\/2056","targetHints":{"allow":["GET"]}}],"collection":[{"href":"http:\/\/baraboi-winehouse.com\/ro\/wp-json\/wp\/v2\/product"}],"about":[{"href":"http:\/\/baraboi-winehouse.com\/ro\/wp-json\/wp\/v2\/types\/product"}],"replies":[{"embeddable":true,"href":"http:\/\/baraboi-winehouse.com\/ro\/wp-json\/wp\/v2\/comments?post=2056"}],"version-history":[{"count":1,"href":"http:\/\/baraboi-winehouse.com\/ro\/wp-json\/wp\/v2\/product\/2056\/revisions"}],"predecessor-version":[{"id":2502,"href":"http:\/\/baraboi-winehouse.com\/ro\/wp-json\/wp\/v2\/product\/2056\/revisions\/2502"}],"wp:featuredmedia":[{"embeddable":true,"href":"http:\/\/baraboi-winehouse.com\/ro\/wp-json\/wp\/v2\/media\/2057"}],"wp:attachment":[{"href":"http:\/\/baraboi-winehouse.com\/ro\/wp-json\/wp\/v2\/media?parent=2056"}],"wp:term":[{"taxonomy":"product_brand","embeddable":true,"href":"http:\/\/baraboi-winehouse.com\/ro\/wp-json\/wp\/v2\/product_brand?post=2056"},{"taxonomy":"product_cat","embeddable":true,"href":"http:\/\/baraboi-winehouse.com\/ro\/wp-json\/wp\/v2\/product_cat?post=2056"},{"taxonomy":"product_tag","embeddable":true,"href":"http:\/\/baraboi-winehouse.com\/ro\/wp-json\/wp\/v2\/product_tag?post=2056"}],"curies":[{"name":"wp","href":"https:\/\/api.w.org\/{rel}","templated":true}]}}