{"id":14,"date":"2025-06-05T09:01:46","date_gmt":"2025-06-05T09:01:46","guid":{"rendered":"http:\/\/baraboi-winehouse.com\/?page_id=14"},"modified":"2025-06-05T09:06:23","modified_gmt":"2025-06-05T09:06:23","slug":"conditii-de-livrare-si-plata","status":"publish","type":"page","link":"http:\/\/baraboi-winehouse.com\/ru\/conditii-de-livrare-si-plata\/","title":{"rendered":"Condi\u021bii de livrare \u0219i plat\u0103"},"content":{"rendered":"<div data-elementor-type=\"wp-page\" data-elementor-id=\"14\" class=\"elementor elementor-14\" data-elementor-post-type=\"page\">\n\t\t\t\t<div class=\"wd-negative-gap elementor-element elementor-element-612a2e89 e-flex e-con-boxed e-con e-parent\" data-id=\"612a2e89\" data-element_type=\"container\">\n\t\t\t\t\t<div class=\"e-con-inner\">\n\t\t\t\t<div class=\"elementor-element elementor-element-5aa7ece7 color-scheme-inherit text-left elementor-widget elementor-widget-text-editor\" data-id=\"5aa7ece7\" data-element_type=\"widget\" data-widget_type=\"text-editor.default\">\n\t\t\t\t<div class=\"elementor-widget-container\">\n\t\t\t\t\t\t\t\t\t<h3><b>Livrare<\/b><\/h3><p class=\" translation-block\"><span style=\"font-weight: 400;\">Expediem toate comenzile prin <\/span><b>DHL<\/b><span style=\"font-weight: 400;\">, cu livrare de luni p\u00e2n\u0103 vineri\/s\u00e2mb\u0103t\u0103. Expedierea se face zilnic, iar comanda va fi livrat\u0103 \u00een <\/span><b>1\u20134 zile lucr\u0103toare de la confirmarea pl\u0103\u021bii<\/b><span style=\"font-weight: 400;\">.<\/span><\/p><h3><b>Costuri de livrare \u2013 Germania<\/b><\/h3><p class=\" translation-block\"><span style=\"font-weight: 400;\">Percepem o tax\u0103 fix\u0103 \u200b\u200bde livrare de<\/span><b> 6,95 \u20ac<\/b><span style=\"font-weight: 400;\"> per livrare de bunuri p\u00e2n\u0103 la o valoare brut\u0103 a facturii de 98,99 \u20ac (se aplic\u0103 numai pentru Germania continental\u0103). <\/span><span style=\"font-weight: 400;\"><br><\/span><span style=\"font-weight: 400;\">Pentru valori ale facturilor de 99,00 \u20ac sau mai mult (\u00een orice comand\u0103, dar \u00eentr-o singur\u0103 livrare), expediem bunurile gratuit \u00een Republica Federal\u0103 Germania.<\/span><\/p><h3><b>Livrare la sta\u021bii DHL Packstation<\/b><\/h3><p class=\" translation-block\"><span style=\"font-weight: 400;\">Putem livra la sta\u021bii DHL Packstation doar colete care nu dep\u0103\u0219esc dimensiunea de <\/span><b>60 x 35 x 35 cm<\/b><span style=\"font-weight: 400;\">. Astfel, comenzile trimise c\u0103tre aceste sta\u021bii pot con\u021bine <\/span><b>maximum 6 sticle<\/b><span style=\"font-weight: 400;\">.<\/span><\/p><h3><b>Important:<\/b><\/h3><p><b>Nu exist\u0103 posibilitatea ridic\u0103rii produselor de la o loca\u021bie fizic\u0103. Comenzile se fac exclusiv online.<\/b><\/p><h3><b>Plat\u0103<\/b><\/h3><p><span style=\"font-weight: 400;\">La finalizarea comenzii, cardul dumneavoastr\u0103 sau contul PayPal va fi debitat. Accept\u0103m urm\u0103toarele metode de plat\u0103:<\/span><\/p><ul><li style=\"font-weight: 400;\" aria-level=\"1\"><span style=\"font-weight: 400;\">Plat\u0103 \u00een avans<\/span><span style=\"font-weight: 400;\"><br \/><br \/><\/span><\/li><li style=\"font-weight: 400;\" aria-level=\"1\"><span style=\"font-weight: 400;\">PayPal<\/span><span style=\"font-weight: 400;\"><br \/><br \/><\/span><\/li><li style=\"font-weight: 400;\" aria-level=\"1\"><span style=\"font-weight: 400;\">Card de credit (Mastercard, Visa, American Express)<\/span><span style=\"font-weight: 400;\"><br \/><br \/><\/span><\/li><li style=\"font-weight: 400;\" aria-level=\"1\"><span style=\"font-weight: 400;\">Amazon Payments<\/span><span style=\"font-weight: 400;\"><br \/><br \/><\/span><\/li><li style=\"font-weight: 400;\" aria-level=\"1\"><span style=\"font-weight: 400;\">Card de debit<\/span><span style=\"font-weight: 400;\"><br \/><br \/><\/span><\/li><\/ul><h3><b>Date bancare<\/b><\/h3><p><b>Gerex GmbH<\/b><b><br \/><\/b><span style=\"font-weight: 400;\">Kurf\u00fcrstendamm 194, 10707 Berlin<\/span><span style=\"font-weight: 400;\"><br \/><\/span><span style=\"font-weight: 400;\">info@gerex-gmbh.de<\/span><span style=\"font-weight: 400;\"><br \/><\/span><span style=\"font-weight: 400;\">Amtsgericht Berlin Charlottenburg \u2013 HRB 236510 B<\/span><span style=\"font-weight: 400;\"><br \/><\/span><span style=\"font-weight: 400;\">Steuer-Nr.: 27\/305\/50150<\/span><span style=\"font-weight: 400;\"><br \/><\/span><span style=\"font-weight: 400;\">GF: Daniela Caraiman<\/span><\/p><p><b>Cont bancar<\/b><b><br \/><\/b><span style=\"font-weight: 400;\">Berliner Volksbank<\/span><span style=\"font-weight: 400;\"><br \/><\/span><span style=\"font-weight: 400;\">IBAN: <\/span><b>DE27 1009 0000 2891 1120 01<\/b><b><br \/><\/b><span style=\"font-weight: 400;\">BIC: <\/span><b>BEVODEBBXXX<\/b><\/p><p>\u00a0<\/p><h3><b>Livr\u0103ri interna\u021bionale<\/b><\/h3><p><b>Nu efectu\u0103m livr\u0103ri \u00een afara Germaniei.<\/b><\/p>\t\t\t\t\t\t\t\t<\/div>\n\t\t\t\t<\/div>\n\t\t\t\t\t<\/div>\n\t\t\t\t<\/div>\n\t\t\t\t<\/div>","protected":false},"excerpt":{"rendered":"<p>Livrare Expediem toate comenzile prin DHL, cu livrare de luni p\u00e2n\u0103 vineri\/s\u00e2mb\u0103t\u0103. Expedierea se face zilnic, iar comanda va fi<\/p>","protected":false},"author":1,"featured_media":0,"parent":0,"menu_order":0,"comment_status":"closed","ping_status":"closed","template":"","meta":{"footnotes":""},"class_list":["post-14","page","type-page","status-publish","hentry"],"_links":{"self":[{"href":"http:\/\/baraboi-winehouse.com\/ru\/wp-json\/wp\/v2\/pages\/14","targetHints":{"allow":["GET"]}}],"collection":[{"href":"http:\/\/baraboi-winehouse.com\/ru\/wp-json\/wp\/v2\/pages"}],"about":[{"href":"http:\/\/baraboi-winehouse.com\/ru\/wp-json\/wp\/v2\/types\/page"}],"author":[{"embeddable":true,"href":"http:\/\/baraboi-winehouse.com\/ru\/wp-json\/wp\/v2\/users\/1"}],"replies":[{"embeddable":true,"href":"http:\/\/baraboi-winehouse.com\/ru\/wp-json\/wp\/v2\/comments?post=14"}],"version-history":[{"count":0,"href":"http:\/\/baraboi-winehouse.com\/ru\/wp-json\/wp\/v2\/pages\/14\/revisions"}],"wp:attachment":[{"href":"http:\/\/baraboi-winehouse.com\/ru\/wp-json\/wp\/v2\/media?parent=14"}],"curies":[{"name":"wp","href":"https:\/\/api.w.org\/{rel}","templated":true}]}}